{"id":2557,"date":"2025-06-09T12:54:36","date_gmt":"2025-06-09T10:54:36","guid":{"rendered":"https:\/\/www.mistercoffeemisterbianco.it\/?post_type=product&#038;p=2557"},"modified":"2026-01-08T11:23:10","modified_gmt":"2026-01-08T10:23:10","slug":"champagne-extra-brut-cuvee-743-jacquesson","status":"publish","type":"product","link":"https:\/\/www.mistercoffeemisterbianco.it\/en\/product\/champagne-extra-brut-cuvee-743-jacquesson\/","title":{"rendered":"Champagne Extra Brut Cuv\u00e8e 745 &#8211; Jacquesson"},"content":{"rendered":"<h1 class=\"page-title\"><span class=\"base\">Champagne Extra Brut Cuv\u00e8e 743 &#8211; Jacquesson<\/span><\/h1>\n<div class=\"amshopby-option-link\">Il nome indica la settecentoquarantatreesima cuv\u00e9e assemblata a partire dal 1898, anno in cui venne creata la cuv\u00e9e n.1 per festeggiare il centenario della maison. Tale numerazione \u00e8 stata introdotta dai fratelli Chiquet a partire dal 2000, iniziando dalla numero 728. Tre cifre.. tre parole per descrivere le cuv\u00e9e 7xx Jacquesson: eccellenza, rispetto, complessit\u00e0: eccellenza delle uve: chardonnay, pinot noir e pinot meunier, provenienti da un terroir unico; rispetto per il suolo e la vite, con la scelta di metodi di coltivazione completamente naturali; complessit\u00e0 di profumi e sapori, ottenuta col sapiente e discreto utilizzo dei vini di riserva, che mai nascondono, anzi evidenziano, le peculiarit\u00e0 dell\u2019annata di riferimento, in questo caso la 2015.<\/div>","protected":false},"excerpt":{"rendered":"<p>Champagne Extra Brut Cuv\u00e8e 743 &#8211; Jacquesson Il nome indica la settecentoquarantatreesima cuv\u00e9e assemblata a partire dal 1898, anno in cui venne creata la cuv\u00e9e n.1 per festeggiare il centenario della maison. Tale numerazione \u00e8 stata introdotta dai fratelli Chiquet a partire dal 2000, iniziando dalla numero 728. Tre cifre.. tre parole per descrivere le [&hellip;]<\/p>","protected":false},"featured_media":3473,"template":"","meta":[],"product_brand":[],"product_cat":[99,108],"product_tag":[],"class_list":{"0":"post-2557","1":"product","2":"type-product","3":"status-publish","4":"has-post-thumbnail","6":"product_cat-champagne","7":"product_cat-vini-francesi","9":"first","10":"outofstock","11":"sale","12":"taxable","13":"shipping-taxable","14":"purchasable","15":"product-type-simple"},"yoast_head":"<!-- This site is optimized with the Yoast SEO plugin v25.2 - https:\/\/yoast.com\/wordpress\/plugins\/seo\/ -->\n<title>Champagne Extra Brut Cuv\u00e8e 745 - Jacquesson - Mister Coffee<\/title>\n<meta name=\"robots\" content=\"index, follow, max-snippet:-1, max-image-preview:large, max-video-preview:-1\" \/>\n<link rel=\"canonical\" href=\"https:\/\/www.mistercoffeemisterbianco.it\/en\/product\/champagne-extra-brut-cuvee-743-jacquesson\/\" \/>\n<meta property=\"og:locale\" content=\"en_US\" \/>\n<meta property=\"og:type\" content=\"article\" \/>\n<meta property=\"og:title\" content=\"Champagne Extra Brut Cuv\u00e8e 745 - Jacquesson - Mister Coffee\" \/>\n<meta property=\"og:description\" content=\"Champagne Extra Brut Cuv\u00e8e 743 &#8211; Jacquesson Il nome indica la settecentoquarantatreesima cuv\u00e9e assemblata a partire dal 1898, anno in cui venne creata la cuv\u00e9e n.1 per festeggiare il centenario della maison. Tale numerazione \u00e8 stata introdotta dai fratelli Chiquet a partire dal 2000, iniziando dalla numero 728. Tre cifre.. tre parole per descrivere le [&hellip;]\" \/>\n<meta property=\"og:url\" content=\"https:\/\/www.mistercoffeemisterbianco.it\/en\/product\/champagne-extra-brut-cuvee-743-jacquesson\/\" \/>\n<meta property=\"og:site_name\" content=\"Mister Coffee\" \/>\n<meta property=\"article:modified_time\" content=\"2026-01-08T10:23:10+00:00\" \/>\n<meta property=\"og:image\" content=\"https:\/\/www.mistercoffeemisterbianco.it\/wp-content\/uploads\/2025\/06\/61fBFLn3wSL._AC_SL1500_-1.jpg\" \/>\n\t<meta property=\"og:image:width\" content=\"406\" \/>\n\t<meta property=\"og:image:height\" content=\"1500\" \/>\n\t<meta property=\"og:image:type\" content=\"image\/jpeg\" \/>\n<meta name=\"twitter:card\" content=\"summary_large_image\" \/>\n<meta name=\"twitter:label1\" content=\"Est. reading time\" \/>\n\t<meta name=\"twitter:data1\" content=\"1 minute\" \/>\n<script type=\"application\/ld+json\" class=\"yoast-schema-graph\">{\"@context\":\"https:\/\/schema.org\",\"@graph\":[{\"@type\":\"WebPage\",\"@id\":\"https:\/\/www.mistercoffeemisterbianco.it\/prodotto\/champagne-extra-brut-cuvee-743-jacquesson\/\",\"url\":\"https:\/\/www.mistercoffeemisterbianco.it\/prodotto\/champagne-extra-brut-cuvee-743-jacquesson\/\",\"name\":\"Champagne Extra Brut Cuv\u00e8e 745 - Jacquesson - Mister Coffee\",\"isPartOf\":{\"@id\":\"https:\/\/www.mistercoffeemisterbianco.it\/#website\"},\"primaryImageOfPage\":{\"@id\":\"https:\/\/www.mistercoffeemisterbianco.it\/prodotto\/champagne-extra-brut-cuvee-743-jacquesson\/#primaryimage\"},\"image\":{\"@id\":\"https:\/\/www.mistercoffeemisterbianco.it\/prodotto\/champagne-extra-brut-cuvee-743-jacquesson\/#primaryimage\"},\"thumbnailUrl\":\"https:\/\/www.mistercoffeemisterbianco.it\/wp-content\/uploads\/2025\/06\/61fBFLn3wSL._AC_SL1500_-1.jpg\",\"datePublished\":\"2025-06-09T10:54:36+00:00\",\"dateModified\":\"2026-01-08T10:23:10+00:00\",\"breadcrumb\":{\"@id\":\"https:\/\/www.mistercoffeemisterbianco.it\/prodotto\/champagne-extra-brut-cuvee-743-jacquesson\/#breadcrumb\"},\"inLanguage\":\"en-US\",\"potentialAction\":[{\"@type\":\"ReadAction\",\"target\":[\"https:\/\/www.mistercoffeemisterbianco.it\/prodotto\/champagne-extra-brut-cuvee-743-jacquesson\/\"]}]},{\"@type\":\"ImageObject\",\"inLanguage\":\"en-US\",\"@id\":\"https:\/\/www.mistercoffeemisterbianco.it\/prodotto\/champagne-extra-brut-cuvee-743-jacquesson\/#primaryimage\",\"url\":\"https:\/\/www.mistercoffeemisterbianco.it\/wp-content\/uploads\/2025\/06\/61fBFLn3wSL._AC_SL1500_-1.jpg\",\"contentUrl\":\"https:\/\/www.mistercoffeemisterbianco.it\/wp-content\/uploads\/2025\/06\/61fBFLn3wSL._AC_SL1500_-1.jpg\",\"width\":406,\"height\":1500},{\"@type\":\"BreadcrumbList\",\"@id\":\"https:\/\/www.mistercoffeemisterbianco.it\/prodotto\/champagne-extra-brut-cuvee-743-jacquesson\/#breadcrumb\",\"itemListElement\":[{\"@type\":\"ListItem\",\"position\":1,\"name\":\"Home\",\"item\":\"https:\/\/www.mistercoffeemisterbianco.it\/\"},{\"@type\":\"ListItem\",\"position\":2,\"name\":\"Prodotti\",\"item\":\"https:\/\/www.mistercoffeemisterbianco.it\/shop\/\"},{\"@type\":\"ListItem\",\"position\":3,\"name\":\"Champagne Extra Brut Cuv\u00e8e 745 &#8211; Jacquesson\"}]},{\"@type\":\"WebSite\",\"@id\":\"https:\/\/www.mistercoffeemisterbianco.it\/#website\",\"url\":\"https:\/\/www.mistercoffeemisterbianco.it\/\",\"name\":\"Mister Coffee\",\"description\":\"\",\"publisher\":{\"@id\":\"https:\/\/www.mistercoffeemisterbianco.it\/#organization\"},\"potentialAction\":[{\"@type\":\"SearchAction\",\"target\":{\"@type\":\"EntryPoint\",\"urlTemplate\":\"https:\/\/www.mistercoffeemisterbianco.it\/?s={search_term_string}\"},\"query-input\":{\"@type\":\"PropertyValueSpecification\",\"valueRequired\":true,\"valueName\":\"search_term_string\"}}],\"inLanguage\":\"en-US\"},{\"@type\":\"Organization\",\"@id\":\"https:\/\/www.mistercoffeemisterbianco.it\/#organization\",\"name\":\"Mister Coffee\",\"url\":\"https:\/\/www.mistercoffeemisterbianco.it\/\",\"logo\":{\"@type\":\"ImageObject\",\"inLanguage\":\"en-US\",\"@id\":\"https:\/\/www.mistercoffeemisterbianco.it\/#\/schema\/logo\/image\/\",\"url\":\"https:\/\/www.mistercoffeemisterbianco.it\/wp-content\/uploads\/2025\/06\/logo-nuovo.png\",\"contentUrl\":\"https:\/\/www.mistercoffeemisterbianco.it\/wp-content\/uploads\/2025\/06\/logo-nuovo.png\",\"width\":281,\"height\":80,\"caption\":\"Mister Coffee\"},\"image\":{\"@id\":\"https:\/\/www.mistercoffeemisterbianco.it\/#\/schema\/logo\/image\/\"}}]}<\/script>\n<!-- \/ Yoast SEO plugin. -->","yoast_head_json":{"title":"Champagne Extra Brut Cuv\u00e8e 745 - Jacquesson - Mister Coffee","robots":{"index":"index","follow":"follow","max-snippet":"max-snippet:-1","max-image-preview":"max-image-preview:large","max-video-preview":"max-video-preview:-1"},"canonical":"https:\/\/www.mistercoffeemisterbianco.it\/en\/product\/champagne-extra-brut-cuvee-743-jacquesson\/","og_locale":"en_US","og_type":"article","og_title":"Champagne Extra Brut Cuv\u00e8e 745 - Jacquesson - Mister Coffee","og_description":"Champagne Extra Brut Cuv\u00e8e 743 &#8211; Jacquesson Il nome indica la settecentoquarantatreesima cuv\u00e9e assemblata a partire dal 1898, anno in cui venne creata la cuv\u00e9e n.1 per festeggiare il centenario della maison. Tale numerazione \u00e8 stata introdotta dai fratelli Chiquet a partire dal 2000, iniziando dalla numero 728. Tre cifre.. tre parole per descrivere le [&hellip;]","og_url":"https:\/\/www.mistercoffeemisterbianco.it\/en\/product\/champagne-extra-brut-cuvee-743-jacquesson\/","og_site_name":"Mister Coffee","article_modified_time":"2026-01-08T10:23:10+00:00","og_image":[{"width":406,"height":1500,"url":"https:\/\/www.mistercoffeemisterbianco.it\/wp-content\/uploads\/2025\/06\/61fBFLn3wSL._AC_SL1500_-1.jpg","type":"image\/jpeg"}],"twitter_card":"summary_large_image","twitter_misc":{"Est. reading time":"1 minute"},"schema":{"@context":"https:\/\/schema.org","@graph":[{"@type":"WebPage","@id":"https:\/\/www.mistercoffeemisterbianco.it\/prodotto\/champagne-extra-brut-cuvee-743-jacquesson\/","url":"https:\/\/www.mistercoffeemisterbianco.it\/prodotto\/champagne-extra-brut-cuvee-743-jacquesson\/","name":"Champagne Extra Brut Cuv\u00e8e 745 - Jacquesson - Mister Coffee","isPartOf":{"@id":"https:\/\/www.mistercoffeemisterbianco.it\/#website"},"primaryImageOfPage":{"@id":"https:\/\/www.mistercoffeemisterbianco.it\/prodotto\/champagne-extra-brut-cuvee-743-jacquesson\/#primaryimage"},"image":{"@id":"https:\/\/www.mistercoffeemisterbianco.it\/prodotto\/champagne-extra-brut-cuvee-743-jacquesson\/#primaryimage"},"thumbnailUrl":"https:\/\/www.mistercoffeemisterbianco.it\/wp-content\/uploads\/2025\/06\/61fBFLn3wSL._AC_SL1500_-1.jpg","datePublished":"2025-06-09T10:54:36+00:00","dateModified":"2026-01-08T10:23:10+00:00","breadcrumb":{"@id":"https:\/\/www.mistercoffeemisterbianco.it\/prodotto\/champagne-extra-brut-cuvee-743-jacquesson\/#breadcrumb"},"inLanguage":"en-US","potentialAction":[{"@type":"ReadAction","target":["https:\/\/www.mistercoffeemisterbianco.it\/prodotto\/champagne-extra-brut-cuvee-743-jacquesson\/"]}]},{"@type":"ImageObject","inLanguage":"en-US","@id":"https:\/\/www.mistercoffeemisterbianco.it\/prodotto\/champagne-extra-brut-cuvee-743-jacquesson\/#primaryimage","url":"https:\/\/www.mistercoffeemisterbianco.it\/wp-content\/uploads\/2025\/06\/61fBFLn3wSL._AC_SL1500_-1.jpg","contentUrl":"https:\/\/www.mistercoffeemisterbianco.it\/wp-content\/uploads\/2025\/06\/61fBFLn3wSL._AC_SL1500_-1.jpg","width":406,"height":1500},{"@type":"BreadcrumbList","@id":"https:\/\/www.mistercoffeemisterbianco.it\/prodotto\/champagne-extra-brut-cuvee-743-jacquesson\/#breadcrumb","itemListElement":[{"@type":"ListItem","position":1,"name":"Home","item":"https:\/\/www.mistercoffeemisterbianco.it\/"},{"@type":"ListItem","position":2,"name":"Prodotti","item":"https:\/\/www.mistercoffeemisterbianco.it\/shop\/"},{"@type":"ListItem","position":3,"name":"Champagne Extra Brut Cuv\u00e8e 745 &#8211; Jacquesson"}]},{"@type":"WebSite","@id":"https:\/\/www.mistercoffeemisterbianco.it\/#website","url":"https:\/\/www.mistercoffeemisterbianco.it\/","name":"Mister Coffee","description":"","publisher":{"@id":"https:\/\/www.mistercoffeemisterbianco.it\/#organization"},"potentialAction":[{"@type":"SearchAction","target":{"@type":"EntryPoint","urlTemplate":"https:\/\/www.mistercoffeemisterbianco.it\/?s={search_term_string}"},"query-input":{"@type":"PropertyValueSpecification","valueRequired":true,"valueName":"search_term_string"}}],"inLanguage":"en-US"},{"@type":"Organization","@id":"https:\/\/www.mistercoffeemisterbianco.it\/#organization","name":"Mister Coffee","url":"https:\/\/www.mistercoffeemisterbianco.it\/","logo":{"@type":"ImageObject","inLanguage":"en-US","@id":"https:\/\/www.mistercoffeemisterbianco.it\/#\/schema\/logo\/image\/","url":"https:\/\/www.mistercoffeemisterbianco.it\/wp-content\/uploads\/2025\/06\/logo-nuovo.png","contentUrl":"https:\/\/www.mistercoffeemisterbianco.it\/wp-content\/uploads\/2025\/06\/logo-nuovo.png","width":281,"height":80,"caption":"Mister Coffee"},"image":{"@id":"https:\/\/www.mistercoffeemisterbianco.it\/#\/schema\/logo\/image\/"}}]}},"_links":{"self":[{"href":"https:\/\/www.mistercoffeemisterbianco.it\/en\/wp-json\/wp\/v2\/product\/2557","targetHints":{"allow":["GET"]}}],"collection":[{"href":"https:\/\/www.mistercoffeemisterbianco.it\/en\/wp-json\/wp\/v2\/product"}],"about":[{"href":"https:\/\/www.mistercoffeemisterbianco.it\/en\/wp-json\/wp\/v2\/types\/product"}],"wp:featuredmedia":[{"embeddable":true,"href":"https:\/\/www.mistercoffeemisterbianco.it\/en\/wp-json\/wp\/v2\/media\/3473"}],"wp:attachment":[{"href":"https:\/\/www.mistercoffeemisterbianco.it\/en\/wp-json\/wp\/v2\/media?parent=2557"}],"wp:term":[{"taxonomy":"product_brand","embeddable":true,"href":"https:\/\/www.mistercoffeemisterbianco.it\/en\/wp-json\/wp\/v2\/product_brand?post=2557"},{"taxonomy":"product_cat","embeddable":true,"href":"https:\/\/www.mistercoffeemisterbianco.it\/en\/wp-json\/wp\/v2\/product_cat?post=2557"},{"taxonomy":"product_tag","embeddable":true,"href":"https:\/\/www.mistercoffeemisterbianco.it\/en\/wp-json\/wp\/v2\/product_tag?post=2557"}],"curies":[{"name":"wp","href":"https:\/\/api.w.org\/{rel}","templated":true}]}}