{"id":2571,"date":"2025-06-09T12:54:42","date_gmt":"2025-06-09T10:54:42","guid":{"rendered":"https:\/\/www.mistercoffeemisterbianco.it\/?post_type=product&#038;p=2571"},"modified":"2025-07-16T13:42:46","modified_gmt":"2025-07-16T11:42:46","slug":"champagne-brut-belle-epoque-2012-perrier-jouet","status":"publish","type":"product","link":"https:\/\/www.mistercoffeemisterbianco.it\/en\/product\/champagne-brut-belle-epoque-2012-perrier-jouet\/","title":{"rendered":"Champagne Brut \u201cBelle Epoque\u201d 2012 &#8211; Perrier-Jou\u00ebt"},"content":{"rendered":"<h1 class=\"productPage__title\">Champagne Brut \u201cBelle Epoque\u201d 2012 &#8211; Perrier-Jou\u00ebt<\/h1>\n<p>Una delle migliori annate di sempre per l\u2019icona di casa Perrier-Jou\u00ebt. Frutto di un\u2019estate calda, che ha risolto in vigna una primavera imprevedibile e piovosa, ha un equilibrio prodigioso e una spiccata esuberanza, data soprattutto da un Pinot Nero in grande evidenza. Straordinariamente fresco, ti offre subito tutta l\u2019elegante rotondit\u00e0 che ti aspetti da una cuv\u00e9\u00e8 de prestige, con in pi\u00f9 l\u2019inconfondibile firma della Maison: fiori bianchi, spezie, marzapane. Un altro Champagne al top, dopo il celebratissimo 2008.<\/p>","protected":false},"excerpt":{"rendered":"<p>Champagne Brut \u201cBelle Epoque\u201d 2012 &#8211; Perrier-Jou\u00ebt Una delle migliori annate di sempre per l\u2019icona di casa Perrier-Jou\u00ebt. Frutto di un\u2019estate calda, che ha risolto in vigna una primavera imprevedibile e piovosa, ha un equilibrio prodigioso e una spiccata esuberanza, data soprattutto da un Pinot Nero in grande evidenza. Straordinariamente fresco, ti offre subito tutta [&hellip;]<\/p>","protected":false},"featured_media":3480,"template":"","meta":[],"product_brand":[],"product_cat":[99,108],"product_tag":[179],"class_list":{"0":"post-2571","1":"product","2":"type-product","3":"status-publish","4":"has-post-thumbnail","6":"product_cat-champagne","7":"product_cat-vini-francesi","8":"product_tag-francia","10":"first","11":"instock","12":"taxable","13":"shipping-taxable","14":"purchasable","15":"product-type-simple"},"yoast_head":"<!-- This site is optimized with the Yoast SEO plugin v25.2 - https:\/\/yoast.com\/wordpress\/plugins\/seo\/ -->\n<title>Champagne Brut \u201cBelle Epoque\u201d 2012 - Perrier-Jou\u00ebt - Mister Coffee<\/title>\n<meta name=\"robots\" content=\"index, follow, max-snippet:-1, max-image-preview:large, max-video-preview:-1\" \/>\n<link rel=\"canonical\" href=\"https:\/\/www.mistercoffeemisterbianco.it\/en\/product\/champagne-brut-belle-epoque-2012-perrier-jouet\/\" \/>\n<meta property=\"og:locale\" content=\"en_US\" \/>\n<meta property=\"og:type\" content=\"article\" \/>\n<meta property=\"og:title\" content=\"Champagne Brut \u201cBelle Epoque\u201d 2012 - Perrier-Jou\u00ebt - Mister Coffee\" \/>\n<meta property=\"og:description\" content=\"Champagne Brut \u201cBelle Epoque\u201d 2012 &#8211; Perrier-Jou\u00ebt Una delle migliori annate di sempre per l\u2019icona di casa Perrier-Jou\u00ebt. Frutto di un\u2019estate calda, che ha risolto in vigna una primavera imprevedibile e piovosa, ha un equilibrio prodigioso e una spiccata esuberanza, data soprattutto da un Pinot Nero in grande evidenza. Straordinariamente fresco, ti offre subito tutta [&hellip;]\" \/>\n<meta property=\"og:url\" content=\"https:\/\/www.mistercoffeemisterbianco.it\/en\/product\/champagne-brut-belle-epoque-2012-perrier-jouet\/\" \/>\n<meta property=\"og:site_name\" content=\"Mister Coffee\" \/>\n<meta property=\"article:modified_time\" content=\"2025-07-16T11:42:46+00:00\" \/>\n<meta property=\"og:image\" content=\"https:\/\/www.mistercoffeemisterbianco.it\/wp-content\/uploads\/2025\/06\/perrier-jouet_2-1.jpg\" \/>\n\t<meta property=\"og:image:width\" content=\"1000\" \/>\n\t<meta property=\"og:image:height\" content=\"1000\" \/>\n\t<meta property=\"og:image:type\" content=\"image\/jpeg\" \/>\n<meta name=\"twitter:card\" content=\"summary_large_image\" \/>\n<script type=\"application\/ld+json\" class=\"yoast-schema-graph\">{\"@context\":\"https:\/\/schema.org\",\"@graph\":[{\"@type\":\"WebPage\",\"@id\":\"https:\/\/www.mistercoffeemisterbianco.it\/prodotto\/champagne-brut-belle-epoque-2012-perrier-jouet\/\",\"url\":\"https:\/\/www.mistercoffeemisterbianco.it\/prodotto\/champagne-brut-belle-epoque-2012-perrier-jouet\/\",\"name\":\"Champagne Brut \u201cBelle Epoque\u201d 2012 - Perrier-Jou\u00ebt - Mister Coffee\",\"isPartOf\":{\"@id\":\"https:\/\/www.mistercoffeemisterbianco.it\/#website\"},\"primaryImageOfPage\":{\"@id\":\"https:\/\/www.mistercoffeemisterbianco.it\/prodotto\/champagne-brut-belle-epoque-2012-perrier-jouet\/#primaryimage\"},\"image\":{\"@id\":\"https:\/\/www.mistercoffeemisterbianco.it\/prodotto\/champagne-brut-belle-epoque-2012-perrier-jouet\/#primaryimage\"},\"thumbnailUrl\":\"https:\/\/www.mistercoffeemisterbianco.it\/wp-content\/uploads\/2025\/06\/perrier-jouet_2-1.jpg\",\"datePublished\":\"2025-06-09T10:54:42+00:00\",\"dateModified\":\"2025-07-16T11:42:46+00:00\",\"breadcrumb\":{\"@id\":\"https:\/\/www.mistercoffeemisterbianco.it\/prodotto\/champagne-brut-belle-epoque-2012-perrier-jouet\/#breadcrumb\"},\"inLanguage\":\"en-US\",\"potentialAction\":[{\"@type\":\"ReadAction\",\"target\":[\"https:\/\/www.mistercoffeemisterbianco.it\/prodotto\/champagne-brut-belle-epoque-2012-perrier-jouet\/\"]}]},{\"@type\":\"ImageObject\",\"inLanguage\":\"en-US\",\"@id\":\"https:\/\/www.mistercoffeemisterbianco.it\/prodotto\/champagne-brut-belle-epoque-2012-perrier-jouet\/#primaryimage\",\"url\":\"https:\/\/www.mistercoffeemisterbianco.it\/wp-content\/uploads\/2025\/06\/perrier-jouet_2-1.jpg\",\"contentUrl\":\"https:\/\/www.mistercoffeemisterbianco.it\/wp-content\/uploads\/2025\/06\/perrier-jouet_2-1.jpg\",\"width\":1000,\"height\":1000},{\"@type\":\"BreadcrumbList\",\"@id\":\"https:\/\/www.mistercoffeemisterbianco.it\/prodotto\/champagne-brut-belle-epoque-2012-perrier-jouet\/#breadcrumb\",\"itemListElement\":[{\"@type\":\"ListItem\",\"position\":1,\"name\":\"Home\",\"item\":\"https:\/\/www.mistercoffeemisterbianco.it\/\"},{\"@type\":\"ListItem\",\"position\":2,\"name\":\"Prodotti\",\"item\":\"https:\/\/www.mistercoffeemisterbianco.it\/shop\/\"},{\"@type\":\"ListItem\",\"position\":3,\"name\":\"Champagne Brut \u201cBelle Epoque\u201d 2012 &#8211; Perrier-Jou\u00ebt\"}]},{\"@type\":\"WebSite\",\"@id\":\"https:\/\/www.mistercoffeemisterbianco.it\/#website\",\"url\":\"https:\/\/www.mistercoffeemisterbianco.it\/\",\"name\":\"Mister Coffee\",\"description\":\"\",\"publisher\":{\"@id\":\"https:\/\/www.mistercoffeemisterbianco.it\/#organization\"},\"potentialAction\":[{\"@type\":\"SearchAction\",\"target\":{\"@type\":\"EntryPoint\",\"urlTemplate\":\"https:\/\/www.mistercoffeemisterbianco.it\/?s={search_term_string}\"},\"query-input\":{\"@type\":\"PropertyValueSpecification\",\"valueRequired\":true,\"valueName\":\"search_term_string\"}}],\"inLanguage\":\"en-US\"},{\"@type\":\"Organization\",\"@id\":\"https:\/\/www.mistercoffeemisterbianco.it\/#organization\",\"name\":\"Mister Coffee\",\"url\":\"https:\/\/www.mistercoffeemisterbianco.it\/\",\"logo\":{\"@type\":\"ImageObject\",\"inLanguage\":\"en-US\",\"@id\":\"https:\/\/www.mistercoffeemisterbianco.it\/#\/schema\/logo\/image\/\",\"url\":\"https:\/\/www.mistercoffeemisterbianco.it\/wp-content\/uploads\/2025\/06\/logo-nuovo.png\",\"contentUrl\":\"https:\/\/www.mistercoffeemisterbianco.it\/wp-content\/uploads\/2025\/06\/logo-nuovo.png\",\"width\":281,\"height\":80,\"caption\":\"Mister Coffee\"},\"image\":{\"@id\":\"https:\/\/www.mistercoffeemisterbianco.it\/#\/schema\/logo\/image\/\"}}]}<\/script>\n<!-- \/ Yoast SEO plugin. -->","yoast_head_json":{"title":"Champagne Brut \u201cBelle Epoque\u201d 2012 - Perrier-Jou\u00ebt - Mister Coffee","robots":{"index":"index","follow":"follow","max-snippet":"max-snippet:-1","max-image-preview":"max-image-preview:large","max-video-preview":"max-video-preview:-1"},"canonical":"https:\/\/www.mistercoffeemisterbianco.it\/en\/product\/champagne-brut-belle-epoque-2012-perrier-jouet\/","og_locale":"en_US","og_type":"article","og_title":"Champagne Brut \u201cBelle Epoque\u201d 2012 - Perrier-Jou\u00ebt - Mister Coffee","og_description":"Champagne Brut \u201cBelle Epoque\u201d 2012 &#8211; Perrier-Jou\u00ebt Una delle migliori annate di sempre per l\u2019icona di casa Perrier-Jou\u00ebt. Frutto di un\u2019estate calda, che ha risolto in vigna una primavera imprevedibile e piovosa, ha un equilibrio prodigioso e una spiccata esuberanza, data soprattutto da un Pinot Nero in grande evidenza. Straordinariamente fresco, ti offre subito tutta [&hellip;]","og_url":"https:\/\/www.mistercoffeemisterbianco.it\/en\/product\/champagne-brut-belle-epoque-2012-perrier-jouet\/","og_site_name":"Mister Coffee","article_modified_time":"2025-07-16T11:42:46+00:00","og_image":[{"width":1000,"height":1000,"url":"https:\/\/www.mistercoffeemisterbianco.it\/wp-content\/uploads\/2025\/06\/perrier-jouet_2-1.jpg","type":"image\/jpeg"}],"twitter_card":"summary_large_image","schema":{"@context":"https:\/\/schema.org","@graph":[{"@type":"WebPage","@id":"https:\/\/www.mistercoffeemisterbianco.it\/prodotto\/champagne-brut-belle-epoque-2012-perrier-jouet\/","url":"https:\/\/www.mistercoffeemisterbianco.it\/prodotto\/champagne-brut-belle-epoque-2012-perrier-jouet\/","name":"Champagne Brut \u201cBelle Epoque\u201d 2012 - Perrier-Jou\u00ebt - Mister Coffee","isPartOf":{"@id":"https:\/\/www.mistercoffeemisterbianco.it\/#website"},"primaryImageOfPage":{"@id":"https:\/\/www.mistercoffeemisterbianco.it\/prodotto\/champagne-brut-belle-epoque-2012-perrier-jouet\/#primaryimage"},"image":{"@id":"https:\/\/www.mistercoffeemisterbianco.it\/prodotto\/champagne-brut-belle-epoque-2012-perrier-jouet\/#primaryimage"},"thumbnailUrl":"https:\/\/www.mistercoffeemisterbianco.it\/wp-content\/uploads\/2025\/06\/perrier-jouet_2-1.jpg","datePublished":"2025-06-09T10:54:42+00:00","dateModified":"2025-07-16T11:42:46+00:00","breadcrumb":{"@id":"https:\/\/www.mistercoffeemisterbianco.it\/prodotto\/champagne-brut-belle-epoque-2012-perrier-jouet\/#breadcrumb"},"inLanguage":"en-US","potentialAction":[{"@type":"ReadAction","target":["https:\/\/www.mistercoffeemisterbianco.it\/prodotto\/champagne-brut-belle-epoque-2012-perrier-jouet\/"]}]},{"@type":"ImageObject","inLanguage":"en-US","@id":"https:\/\/www.mistercoffeemisterbianco.it\/prodotto\/champagne-brut-belle-epoque-2012-perrier-jouet\/#primaryimage","url":"https:\/\/www.mistercoffeemisterbianco.it\/wp-content\/uploads\/2025\/06\/perrier-jouet_2-1.jpg","contentUrl":"https:\/\/www.mistercoffeemisterbianco.it\/wp-content\/uploads\/2025\/06\/perrier-jouet_2-1.jpg","width":1000,"height":1000},{"@type":"BreadcrumbList","@id":"https:\/\/www.mistercoffeemisterbianco.it\/prodotto\/champagne-brut-belle-epoque-2012-perrier-jouet\/#breadcrumb","itemListElement":[{"@type":"ListItem","position":1,"name":"Home","item":"https:\/\/www.mistercoffeemisterbianco.it\/"},{"@type":"ListItem","position":2,"name":"Prodotti","item":"https:\/\/www.mistercoffeemisterbianco.it\/shop\/"},{"@type":"ListItem","position":3,"name":"Champagne Brut \u201cBelle Epoque\u201d 2012 &#8211; Perrier-Jou\u00ebt"}]},{"@type":"WebSite","@id":"https:\/\/www.mistercoffeemisterbianco.it\/#website","url":"https:\/\/www.mistercoffeemisterbianco.it\/","name":"Mister Coffee","description":"","publisher":{"@id":"https:\/\/www.mistercoffeemisterbianco.it\/#organization"},"potentialAction":[{"@type":"SearchAction","target":{"@type":"EntryPoint","urlTemplate":"https:\/\/www.mistercoffeemisterbianco.it\/?s={search_term_string}"},"query-input":{"@type":"PropertyValueSpecification","valueRequired":true,"valueName":"search_term_string"}}],"inLanguage":"en-US"},{"@type":"Organization","@id":"https:\/\/www.mistercoffeemisterbianco.it\/#organization","name":"Mister Coffee","url":"https:\/\/www.mistercoffeemisterbianco.it\/","logo":{"@type":"ImageObject","inLanguage":"en-US","@id":"https:\/\/www.mistercoffeemisterbianco.it\/#\/schema\/logo\/image\/","url":"https:\/\/www.mistercoffeemisterbianco.it\/wp-content\/uploads\/2025\/06\/logo-nuovo.png","contentUrl":"https:\/\/www.mistercoffeemisterbianco.it\/wp-content\/uploads\/2025\/06\/logo-nuovo.png","width":281,"height":80,"caption":"Mister Coffee"},"image":{"@id":"https:\/\/www.mistercoffeemisterbianco.it\/#\/schema\/logo\/image\/"}}]}},"_links":{"self":[{"href":"https:\/\/www.mistercoffeemisterbianco.it\/en\/wp-json\/wp\/v2\/product\/2571","targetHints":{"allow":["GET"]}}],"collection":[{"href":"https:\/\/www.mistercoffeemisterbianco.it\/en\/wp-json\/wp\/v2\/product"}],"about":[{"href":"https:\/\/www.mistercoffeemisterbianco.it\/en\/wp-json\/wp\/v2\/types\/product"}],"wp:featuredmedia":[{"embeddable":true,"href":"https:\/\/www.mistercoffeemisterbianco.it\/en\/wp-json\/wp\/v2\/media\/3480"}],"wp:attachment":[{"href":"https:\/\/www.mistercoffeemisterbianco.it\/en\/wp-json\/wp\/v2\/media?parent=2571"}],"wp:term":[{"taxonomy":"product_brand","embeddable":true,"href":"https:\/\/www.mistercoffeemisterbianco.it\/en\/wp-json\/wp\/v2\/product_brand?post=2571"},{"taxonomy":"product_cat","embeddable":true,"href":"https:\/\/www.mistercoffeemisterbianco.it\/en\/wp-json\/wp\/v2\/product_cat?post=2571"},{"taxonomy":"product_tag","embeddable":true,"href":"https:\/\/www.mistercoffeemisterbianco.it\/en\/wp-json\/wp\/v2\/product_tag?post=2571"}],"curies":[{"name":"wp","href":"https:\/\/api.w.org\/{rel}","templated":true}]}}