{"id":2982,"date":"2025-06-09T12:55:07","date_gmt":"2025-06-09T10:55:07","guid":{"rendered":"https:\/\/www.mistercoffeemisterbianco.it\/?post_type=product&#038;p=2982"},"modified":"2025-06-09T12:55:07","modified_gmt":"2025-06-09T10:55:07","slug":"rum-ambre-agricole-j-bally-70cl","status":"publish","type":"product","link":"https:\/\/www.mistercoffeemisterbianco.it\/en\/product\/rum-ambre-agricole-j-bally-70cl\/","title":{"rendered":"Rum Ambr\u00e9 Agricole J.Bally 70cl"},"content":{"rendered":"<h1>Rum Ambr\u00e9 Agricole J.Bally 70cl<\/h1>\n<div class=\"ratings\">\n<div class=\"blocco-rating\">\n<div class=\"rating-box\">\n<div class=\"std\">\n<p>Distillato a partire dal puro succo della canna da zucchero e non della melassa, questo Rum ha addirittura ottenuto la<strong>&nbsp;DOC Martinica<\/strong>, grande esempio di qualit\u00e0 ed autenticit\u00e0, faro di luce e speranza in un mondo che va sempre pi\u00f9 verso i Rum industriali, a discapito degli&nbsp;<strong>agricoli<\/strong>. La versione Ambr\u00e8 di J.Bally \u00e8 formata a partire da pi\u00f9 partite di Rum millesimati che, una volta assemblate sapientemente dal mastro distillatore, affinano per&nbsp;<strong>1 anno<\/strong>&nbsp;in tini di rovere. Classico, intenso e deciso, questo Rum racchiude in s\u00e9 il vero gusto della Martinica, morbido e suadente, adatto perfino ai palati pi\u00f9 esigenti.<\/p>\n<p>Colore giallo ambrato molto intenso, presenta all&#8217;olfatto note intense di caramello, scorza d&#8217;arancio candita e spezie dolci, cannella e chiodi di garofano, su uno sfondo di canna da zucchero. L&#8217;impatto gustativo \u00e8 incredibilmente rotondo e vellutato, morbido nella cremosit\u00e0 e strutturato nella ben bilanciata alcolicit\u00e0, in un finale avvolgente e ricco di rimandi di pepe bianco e burro fuso.<\/p>\n<\/div>\n<\/div>\n<\/div>\n<\/div>\n<p>&nbsp;<\/p>","protected":false},"excerpt":{"rendered":"<p>Rum Ambr\u00e9 Agricole J.Bally 70cl Distillato a partire dal puro succo della canna da zucchero e non della melassa, questo Rum ha addirittura ottenuto la&nbsp;DOC Martinica, grande esempio di qualit\u00e0 ed autenticit\u00e0, faro di luce e speranza in un mondo che va sempre pi\u00f9 verso i Rum industriali, a discapito degli&nbsp;agricoli. La versione Ambr\u00e8 di [&hellip;]<\/p>","protected":false},"featured_media":3605,"template":"","meta":[],"product_brand":[],"product_cat":[97],"product_tag":[],"class_list":{"0":"post-2982","1":"product","2":"type-product","3":"status-publish","4":"has-post-thumbnail","6":"product_cat-liquori-e-distillati","8":"first","9":"instock","10":"taxable","11":"shipping-taxable","12":"purchasable","13":"product-type-simple"},"yoast_head":"<!-- This site is optimized with the Yoast SEO plugin v25.2 - https:\/\/yoast.com\/wordpress\/plugins\/seo\/ -->\n<title>Rum Ambr\u00e9 Agricole J.Bally 70cl - Mister Coffee<\/title>\n<meta name=\"robots\" content=\"index, follow, max-snippet:-1, max-image-preview:large, max-video-preview:-1\" \/>\n<link rel=\"canonical\" href=\"https:\/\/www.mistercoffeemisterbianco.it\/en\/product\/rum-ambre-agricole-j-bally-70cl\/\" \/>\n<meta property=\"og:locale\" content=\"en_US\" \/>\n<meta property=\"og:type\" content=\"article\" \/>\n<meta property=\"og:title\" content=\"Rum Ambr\u00e9 Agricole J.Bally 70cl - Mister Coffee\" \/>\n<meta property=\"og:description\" content=\"Rum Ambr\u00e9 Agricole J.Bally 70cl Distillato a partire dal puro succo della canna da zucchero e non della melassa, questo Rum ha addirittura ottenuto la&nbsp;DOC Martinica, grande esempio di qualit\u00e0 ed autenticit\u00e0, faro di luce e speranza in un mondo che va sempre pi\u00f9 verso i Rum industriali, a discapito degli&nbsp;agricoli. La versione Ambr\u00e8 di [&hellip;]\" \/>\n<meta property=\"og:url\" content=\"https:\/\/www.mistercoffeemisterbianco.it\/en\/product\/rum-ambre-agricole-j-bally-70cl\/\" \/>\n<meta property=\"og:site_name\" content=\"Mister Coffee\" \/>\n<meta property=\"og:image\" content=\"https:\/\/www.mistercoffeemisterbianco.it\/wp-content\/uploads\/2025\/06\/J-BALLY-1.png\" \/>\n\t<meta property=\"og:image:width\" content=\"400\" \/>\n\t<meta property=\"og:image:height\" content=\"600\" \/>\n\t<meta property=\"og:image:type\" content=\"image\/png\" \/>\n<meta name=\"twitter:card\" content=\"summary_large_image\" \/>\n<meta name=\"twitter:label1\" content=\"Est. reading time\" \/>\n\t<meta name=\"twitter:data1\" content=\"1 minute\" \/>\n<script type=\"application\/ld+json\" class=\"yoast-schema-graph\">{\"@context\":\"https:\/\/schema.org\",\"@graph\":[{\"@type\":\"WebPage\",\"@id\":\"https:\/\/www.mistercoffeemisterbianco.it\/prodotto\/rum-ambre-agricole-j-bally-70cl\/\",\"url\":\"https:\/\/www.mistercoffeemisterbianco.it\/prodotto\/rum-ambre-agricole-j-bally-70cl\/\",\"name\":\"Rum Ambr\u00e9 Agricole J.Bally 70cl - Mister Coffee\",\"isPartOf\":{\"@id\":\"https:\/\/www.mistercoffeemisterbianco.it\/#website\"},\"primaryImageOfPage\":{\"@id\":\"https:\/\/www.mistercoffeemisterbianco.it\/prodotto\/rum-ambre-agricole-j-bally-70cl\/#primaryimage\"},\"image\":{\"@id\":\"https:\/\/www.mistercoffeemisterbianco.it\/prodotto\/rum-ambre-agricole-j-bally-70cl\/#primaryimage\"},\"thumbnailUrl\":\"https:\/\/www.mistercoffeemisterbianco.it\/wp-content\/uploads\/2025\/06\/J-BALLY-1.png\",\"datePublished\":\"2025-06-09T10:55:07+00:00\",\"breadcrumb\":{\"@id\":\"https:\/\/www.mistercoffeemisterbianco.it\/prodotto\/rum-ambre-agricole-j-bally-70cl\/#breadcrumb\"},\"inLanguage\":\"en-US\",\"potentialAction\":[{\"@type\":\"ReadAction\",\"target\":[\"https:\/\/www.mistercoffeemisterbianco.it\/prodotto\/rum-ambre-agricole-j-bally-70cl\/\"]}]},{\"@type\":\"ImageObject\",\"inLanguage\":\"en-US\",\"@id\":\"https:\/\/www.mistercoffeemisterbianco.it\/prodotto\/rum-ambre-agricole-j-bally-70cl\/#primaryimage\",\"url\":\"https:\/\/www.mistercoffeemisterbianco.it\/wp-content\/uploads\/2025\/06\/J-BALLY-1.png\",\"contentUrl\":\"https:\/\/www.mistercoffeemisterbianco.it\/wp-content\/uploads\/2025\/06\/J-BALLY-1.png\",\"width\":400,\"height\":600},{\"@type\":\"BreadcrumbList\",\"@id\":\"https:\/\/www.mistercoffeemisterbianco.it\/prodotto\/rum-ambre-agricole-j-bally-70cl\/#breadcrumb\",\"itemListElement\":[{\"@type\":\"ListItem\",\"position\":1,\"name\":\"Home\",\"item\":\"https:\/\/www.mistercoffeemisterbianco.it\/\"},{\"@type\":\"ListItem\",\"position\":2,\"name\":\"Prodotti\",\"item\":\"https:\/\/www.mistercoffeemisterbianco.it\/shop\/\"},{\"@type\":\"ListItem\",\"position\":3,\"name\":\"Rum Ambr\u00e9 Agricole J.Bally 70cl\"}]},{\"@type\":\"WebSite\",\"@id\":\"https:\/\/www.mistercoffeemisterbianco.it\/#website\",\"url\":\"https:\/\/www.mistercoffeemisterbianco.it\/\",\"name\":\"Mister Coffee\",\"description\":\"\",\"publisher\":{\"@id\":\"https:\/\/www.mistercoffeemisterbianco.it\/#organization\"},\"potentialAction\":[{\"@type\":\"SearchAction\",\"target\":{\"@type\":\"EntryPoint\",\"urlTemplate\":\"https:\/\/www.mistercoffeemisterbianco.it\/?s={search_term_string}\"},\"query-input\":{\"@type\":\"PropertyValueSpecification\",\"valueRequired\":true,\"valueName\":\"search_term_string\"}}],\"inLanguage\":\"en-US\"},{\"@type\":\"Organization\",\"@id\":\"https:\/\/www.mistercoffeemisterbianco.it\/#organization\",\"name\":\"Mister Coffee\",\"url\":\"https:\/\/www.mistercoffeemisterbianco.it\/\",\"logo\":{\"@type\":\"ImageObject\",\"inLanguage\":\"en-US\",\"@id\":\"https:\/\/www.mistercoffeemisterbianco.it\/#\/schema\/logo\/image\/\",\"url\":\"https:\/\/www.mistercoffeemisterbianco.it\/wp-content\/uploads\/2025\/06\/logo-nuovo.png\",\"contentUrl\":\"https:\/\/www.mistercoffeemisterbianco.it\/wp-content\/uploads\/2025\/06\/logo-nuovo.png\",\"width\":281,\"height\":80,\"caption\":\"Mister Coffee\"},\"image\":{\"@id\":\"https:\/\/www.mistercoffeemisterbianco.it\/#\/schema\/logo\/image\/\"}}]}<\/script>\n<!-- \/ Yoast SEO plugin. -->","yoast_head_json":{"title":"Rum Ambr\u00e9 Agricole J.Bally 70cl - Mister Coffee","robots":{"index":"index","follow":"follow","max-snippet":"max-snippet:-1","max-image-preview":"max-image-preview:large","max-video-preview":"max-video-preview:-1"},"canonical":"https:\/\/www.mistercoffeemisterbianco.it\/en\/product\/rum-ambre-agricole-j-bally-70cl\/","og_locale":"en_US","og_type":"article","og_title":"Rum Ambr\u00e9 Agricole J.Bally 70cl - Mister Coffee","og_description":"Rum Ambr\u00e9 Agricole J.Bally 70cl Distillato a partire dal puro succo della canna da zucchero e non della melassa, questo Rum ha addirittura ottenuto la&nbsp;DOC Martinica, grande esempio di qualit\u00e0 ed autenticit\u00e0, faro di luce e speranza in un mondo che va sempre pi\u00f9 verso i Rum industriali, a discapito degli&nbsp;agricoli. La versione Ambr\u00e8 di [&hellip;]","og_url":"https:\/\/www.mistercoffeemisterbianco.it\/en\/product\/rum-ambre-agricole-j-bally-70cl\/","og_site_name":"Mister Coffee","og_image":[{"width":400,"height":600,"url":"https:\/\/www.mistercoffeemisterbianco.it\/wp-content\/uploads\/2025\/06\/J-BALLY-1.png","type":"image\/png"}],"twitter_card":"summary_large_image","twitter_misc":{"Est. reading time":"1 minute"},"schema":{"@context":"https:\/\/schema.org","@graph":[{"@type":"WebPage","@id":"https:\/\/www.mistercoffeemisterbianco.it\/prodotto\/rum-ambre-agricole-j-bally-70cl\/","url":"https:\/\/www.mistercoffeemisterbianco.it\/prodotto\/rum-ambre-agricole-j-bally-70cl\/","name":"Rum Ambr\u00e9 Agricole J.Bally 70cl - Mister Coffee","isPartOf":{"@id":"https:\/\/www.mistercoffeemisterbianco.it\/#website"},"primaryImageOfPage":{"@id":"https:\/\/www.mistercoffeemisterbianco.it\/prodotto\/rum-ambre-agricole-j-bally-70cl\/#primaryimage"},"image":{"@id":"https:\/\/www.mistercoffeemisterbianco.it\/prodotto\/rum-ambre-agricole-j-bally-70cl\/#primaryimage"},"thumbnailUrl":"https:\/\/www.mistercoffeemisterbianco.it\/wp-content\/uploads\/2025\/06\/J-BALLY-1.png","datePublished":"2025-06-09T10:55:07+00:00","breadcrumb":{"@id":"https:\/\/www.mistercoffeemisterbianco.it\/prodotto\/rum-ambre-agricole-j-bally-70cl\/#breadcrumb"},"inLanguage":"en-US","potentialAction":[{"@type":"ReadAction","target":["https:\/\/www.mistercoffeemisterbianco.it\/prodotto\/rum-ambre-agricole-j-bally-70cl\/"]}]},{"@type":"ImageObject","inLanguage":"en-US","@id":"https:\/\/www.mistercoffeemisterbianco.it\/prodotto\/rum-ambre-agricole-j-bally-70cl\/#primaryimage","url":"https:\/\/www.mistercoffeemisterbianco.it\/wp-content\/uploads\/2025\/06\/J-BALLY-1.png","contentUrl":"https:\/\/www.mistercoffeemisterbianco.it\/wp-content\/uploads\/2025\/06\/J-BALLY-1.png","width":400,"height":600},{"@type":"BreadcrumbList","@id":"https:\/\/www.mistercoffeemisterbianco.it\/prodotto\/rum-ambre-agricole-j-bally-70cl\/#breadcrumb","itemListElement":[{"@type":"ListItem","position":1,"name":"Home","item":"https:\/\/www.mistercoffeemisterbianco.it\/"},{"@type":"ListItem","position":2,"name":"Prodotti","item":"https:\/\/www.mistercoffeemisterbianco.it\/shop\/"},{"@type":"ListItem","position":3,"name":"Rum Ambr\u00e9 Agricole J.Bally 70cl"}]},{"@type":"WebSite","@id":"https:\/\/www.mistercoffeemisterbianco.it\/#website","url":"https:\/\/www.mistercoffeemisterbianco.it\/","name":"Mister Coffee","description":"","publisher":{"@id":"https:\/\/www.mistercoffeemisterbianco.it\/#organization"},"potentialAction":[{"@type":"SearchAction","target":{"@type":"EntryPoint","urlTemplate":"https:\/\/www.mistercoffeemisterbianco.it\/?s={search_term_string}"},"query-input":{"@type":"PropertyValueSpecification","valueRequired":true,"valueName":"search_term_string"}}],"inLanguage":"en-US"},{"@type":"Organization","@id":"https:\/\/www.mistercoffeemisterbianco.it\/#organization","name":"Mister Coffee","url":"https:\/\/www.mistercoffeemisterbianco.it\/","logo":{"@type":"ImageObject","inLanguage":"en-US","@id":"https:\/\/www.mistercoffeemisterbianco.it\/#\/schema\/logo\/image\/","url":"https:\/\/www.mistercoffeemisterbianco.it\/wp-content\/uploads\/2025\/06\/logo-nuovo.png","contentUrl":"https:\/\/www.mistercoffeemisterbianco.it\/wp-content\/uploads\/2025\/06\/logo-nuovo.png","width":281,"height":80,"caption":"Mister Coffee"},"image":{"@id":"https:\/\/www.mistercoffeemisterbianco.it\/#\/schema\/logo\/image\/"}}]}},"_links":{"self":[{"href":"https:\/\/www.mistercoffeemisterbianco.it\/en\/wp-json\/wp\/v2\/product\/2982","targetHints":{"allow":["GET"]}}],"collection":[{"href":"https:\/\/www.mistercoffeemisterbianco.it\/en\/wp-json\/wp\/v2\/product"}],"about":[{"href":"https:\/\/www.mistercoffeemisterbianco.it\/en\/wp-json\/wp\/v2\/types\/product"}],"wp:featuredmedia":[{"embeddable":true,"href":"https:\/\/www.mistercoffeemisterbianco.it\/en\/wp-json\/wp\/v2\/media\/3605"}],"wp:attachment":[{"href":"https:\/\/www.mistercoffeemisterbianco.it\/en\/wp-json\/wp\/v2\/media?parent=2982"}],"wp:term":[{"taxonomy":"product_brand","embeddable":true,"href":"https:\/\/www.mistercoffeemisterbianco.it\/en\/wp-json\/wp\/v2\/product_brand?post=2982"},{"taxonomy":"product_cat","embeddable":true,"href":"https:\/\/www.mistercoffeemisterbianco.it\/en\/wp-json\/wp\/v2\/product_cat?post=2982"},{"taxonomy":"product_tag","embeddable":true,"href":"https:\/\/www.mistercoffeemisterbianco.it\/en\/wp-json\/wp\/v2\/product_tag?post=2982"}],"curies":[{"name":"wp","href":"https:\/\/api.w.org\/{rel}","templated":true}]}}