{"id":3006,"date":"2025-06-09T12:55:34","date_gmt":"2025-06-09T10:55:34","guid":{"rendered":"https:\/\/www.mistercoffeemisterbianco.it\/?post_type=product&#038;p=3006"},"modified":"2025-07-16T13:41:46","modified_gmt":"2025-07-16T11:41:46","slug":"giulio-ferrari-riserva-del-fondatore-2010-trento-doc-in-astuccio","status":"publish","type":"product","link":"https:\/\/www.mistercoffeemisterbianco.it\/en\/product\/giulio-ferrari-riserva-del-fondatore-2010-trento-doc-in-astuccio\/","title":{"rendered":"Giulio Ferrari Riserva del Fondatore 2010 Trento doc in astuccio"},"content":{"rendered":"<h4>\u00a0Giulio Ferrari Riserva del Fondatore\u00a0 Trento doc 2010 con astuccio<\/h4>\n<h4>Lo spumante pi\u00f9 famoso di tutti, quello che designa le migliori bollicine italiane nel mondo, in grado di vincere la sfida del tempo e consacrarsi al mito. Uno chardonnay in purezza proveniente dal mitico cru di Maso Pianizza, la cui maturazione sui lieviti dura quasi 10 anni prima di un\u2019ulteriore sosta in bottiglia. Il Trento DOC\u00a0 Giulio Ferrari Riserva del Fondatore\u00a0 \u00e8 un metodo classico capace di vincere la sfida del tempo, capace di andare oltre ogni aspettativa.<\/h4>\n<h4 class=\"toggle-title\">NOTE DI DEGUSTAZIONE<\/h4>\n<h4 class=\"toggle-content\">Giallo brillante con lievi riflessi dorati, dal perlage finissimo e persistente. Al naso esprime un bouquet di rara intensit\u00e0 e fragranza nel quale il fruttato \u00e8 in perfetta armonia con i sentori di miele, abbinati a note di cioccolato bianco, spezie e agrumi. Al palato \u00e8 elegante e armonico, di corpo vellutato e composito: le fragranze di miele, di acacia e fieno maturo ben si accostano alle note floreali. L\u2019impatto \u00e8 nobile e di grandissima persistenza.<\/h4>","protected":false},"excerpt":{"rendered":"<p>\u00a0Giulio Ferrari Riserva del Fondatore\u00a0 Trento doc 2010 con astuccio Lo spumante pi\u00f9 famoso di tutti, quello che designa le migliori bollicine italiane nel mondo, in grado di vincere la sfida del tempo e consacrarsi al mito. Uno chardonnay in purezza proveniente dal mitico cru di Maso Pianizza, la cui maturazione sui lieviti dura quasi [&hellip;]<\/p>","protected":false},"featured_media":3674,"template":"","meta":[],"product_brand":[],"product_cat":[111,95,158,94],"product_tag":[],"class_list":{"0":"post-3006","1":"product","2":"type-product","3":"status-publish","4":"has-post-thumbnail","6":"product_cat-natale-2022","7":"product_cat-spumanti","8":"product_cat-vini","9":"product_cat-vini-spumanti-e-vini-da-dessert","11":"first","12":"instock","13":"taxable","14":"shipping-taxable","15":"purchasable","16":"product-type-simple"},"yoast_head":"<!-- This site is optimized with the Yoast SEO plugin v25.2 - https:\/\/yoast.com\/wordpress\/plugins\/seo\/ -->\n<title>Giulio Ferrari Riserva del Fondatore 2010 Trento doc in astuccio - Mister Coffee<\/title>\n<meta name=\"robots\" content=\"index, follow, max-snippet:-1, max-image-preview:large, max-video-preview:-1\" \/>\n<link rel=\"canonical\" href=\"https:\/\/www.mistercoffeemisterbianco.it\/en\/product\/giulio-ferrari-riserva-del-fondatore-2010-trento-doc-in-astuccio\/\" \/>\n<meta property=\"og:locale\" content=\"en_US\" \/>\n<meta property=\"og:type\" content=\"article\" \/>\n<meta property=\"og:title\" content=\"Giulio Ferrari Riserva del Fondatore 2010 Trento doc in astuccio - Mister Coffee\" \/>\n<meta property=\"og:description\" content=\"\u00a0Giulio Ferrari Riserva del Fondatore\u00a0 Trento doc 2010 con astuccio Lo spumante pi\u00f9 famoso di tutti, quello che designa le migliori bollicine italiane nel mondo, in grado di vincere la sfida del tempo e consacrarsi al mito. Uno chardonnay in purezza proveniente dal mitico cru di Maso Pianizza, la cui maturazione sui lieviti dura quasi [&hellip;]\" \/>\n<meta property=\"og:url\" content=\"https:\/\/www.mistercoffeemisterbianco.it\/en\/product\/giulio-ferrari-riserva-del-fondatore-2010-trento-doc-in-astuccio\/\" \/>\n<meta property=\"og:site_name\" content=\"Mister Coffee\" \/>\n<meta property=\"article:modified_time\" content=\"2025-07-16T11:41:46+00:00\" \/>\n<meta property=\"og:image\" content=\"https:\/\/www.mistercoffeemisterbianco.it\/wp-content\/uploads\/2025\/06\/giulio-ferrari-2010-1.jpg\" \/>\n\t<meta property=\"og:image:width\" content=\"2000\" \/>\n\t<meta property=\"og:image:height\" content=\"2000\" \/>\n\t<meta property=\"og:image:type\" content=\"image\/jpeg\" \/>\n<meta name=\"twitter:card\" content=\"summary_large_image\" \/>\n<meta name=\"twitter:label1\" content=\"Est. reading time\" \/>\n\t<meta name=\"twitter:data1\" content=\"2 minutes\" \/>\n<script type=\"application\/ld+json\" class=\"yoast-schema-graph\">{\"@context\":\"https:\/\/schema.org\",\"@graph\":[{\"@type\":\"WebPage\",\"@id\":\"https:\/\/www.mistercoffeemisterbianco.it\/prodotto\/giulio-ferrari-riserva-del-fondatore-2010-trento-doc-in-astuccio\/\",\"url\":\"https:\/\/www.mistercoffeemisterbianco.it\/prodotto\/giulio-ferrari-riserva-del-fondatore-2010-trento-doc-in-astuccio\/\",\"name\":\"Giulio Ferrari Riserva del Fondatore 2010 Trento doc in astuccio - Mister Coffee\",\"isPartOf\":{\"@id\":\"https:\/\/www.mistercoffeemisterbianco.it\/#website\"},\"primaryImageOfPage\":{\"@id\":\"https:\/\/www.mistercoffeemisterbianco.it\/prodotto\/giulio-ferrari-riserva-del-fondatore-2010-trento-doc-in-astuccio\/#primaryimage\"},\"image\":{\"@id\":\"https:\/\/www.mistercoffeemisterbianco.it\/prodotto\/giulio-ferrari-riserva-del-fondatore-2010-trento-doc-in-astuccio\/#primaryimage\"},\"thumbnailUrl\":\"https:\/\/www.mistercoffeemisterbianco.it\/wp-content\/uploads\/2025\/06\/giulio-ferrari-2010-1.jpg\",\"datePublished\":\"2025-06-09T10:55:34+00:00\",\"dateModified\":\"2025-07-16T11:41:46+00:00\",\"breadcrumb\":{\"@id\":\"https:\/\/www.mistercoffeemisterbianco.it\/prodotto\/giulio-ferrari-riserva-del-fondatore-2010-trento-doc-in-astuccio\/#breadcrumb\"},\"inLanguage\":\"en-US\",\"potentialAction\":[{\"@type\":\"ReadAction\",\"target\":[\"https:\/\/www.mistercoffeemisterbianco.it\/prodotto\/giulio-ferrari-riserva-del-fondatore-2010-trento-doc-in-astuccio\/\"]}]},{\"@type\":\"ImageObject\",\"inLanguage\":\"en-US\",\"@id\":\"https:\/\/www.mistercoffeemisterbianco.it\/prodotto\/giulio-ferrari-riserva-del-fondatore-2010-trento-doc-in-astuccio\/#primaryimage\",\"url\":\"https:\/\/www.mistercoffeemisterbianco.it\/wp-content\/uploads\/2025\/06\/giulio-ferrari-2010-1.jpg\",\"contentUrl\":\"https:\/\/www.mistercoffeemisterbianco.it\/wp-content\/uploads\/2025\/06\/giulio-ferrari-2010-1.jpg\",\"width\":2000,\"height\":2000},{\"@type\":\"BreadcrumbList\",\"@id\":\"https:\/\/www.mistercoffeemisterbianco.it\/prodotto\/giulio-ferrari-riserva-del-fondatore-2010-trento-doc-in-astuccio\/#breadcrumb\",\"itemListElement\":[{\"@type\":\"ListItem\",\"position\":1,\"name\":\"Home\",\"item\":\"https:\/\/www.mistercoffeemisterbianco.it\/\"},{\"@type\":\"ListItem\",\"position\":2,\"name\":\"Prodotti\",\"item\":\"https:\/\/www.mistercoffeemisterbianco.it\/shop\/\"},{\"@type\":\"ListItem\",\"position\":3,\"name\":\"Giulio Ferrari Riserva del Fondatore 2010 Trento doc in astuccio\"}]},{\"@type\":\"WebSite\",\"@id\":\"https:\/\/www.mistercoffeemisterbianco.it\/#website\",\"url\":\"https:\/\/www.mistercoffeemisterbianco.it\/\",\"name\":\"Mister Coffee\",\"description\":\"\",\"publisher\":{\"@id\":\"https:\/\/www.mistercoffeemisterbianco.it\/#organization\"},\"potentialAction\":[{\"@type\":\"SearchAction\",\"target\":{\"@type\":\"EntryPoint\",\"urlTemplate\":\"https:\/\/www.mistercoffeemisterbianco.it\/?s={search_term_string}\"},\"query-input\":{\"@type\":\"PropertyValueSpecification\",\"valueRequired\":true,\"valueName\":\"search_term_string\"}}],\"inLanguage\":\"en-US\"},{\"@type\":\"Organization\",\"@id\":\"https:\/\/www.mistercoffeemisterbianco.it\/#organization\",\"name\":\"Mister Coffee\",\"url\":\"https:\/\/www.mistercoffeemisterbianco.it\/\",\"logo\":{\"@type\":\"ImageObject\",\"inLanguage\":\"en-US\",\"@id\":\"https:\/\/www.mistercoffeemisterbianco.it\/#\/schema\/logo\/image\/\",\"url\":\"https:\/\/www.mistercoffeemisterbianco.it\/wp-content\/uploads\/2025\/06\/logo-nuovo.png\",\"contentUrl\":\"https:\/\/www.mistercoffeemisterbianco.it\/wp-content\/uploads\/2025\/06\/logo-nuovo.png\",\"width\":281,\"height\":80,\"caption\":\"Mister Coffee\"},\"image\":{\"@id\":\"https:\/\/www.mistercoffeemisterbianco.it\/#\/schema\/logo\/image\/\"}}]}<\/script>\n<!-- \/ Yoast SEO plugin. -->","yoast_head_json":{"title":"Giulio Ferrari Riserva del Fondatore 2010 Trento doc in astuccio - Mister Coffee","robots":{"index":"index","follow":"follow","max-snippet":"max-snippet:-1","max-image-preview":"max-image-preview:large","max-video-preview":"max-video-preview:-1"},"canonical":"https:\/\/www.mistercoffeemisterbianco.it\/en\/product\/giulio-ferrari-riserva-del-fondatore-2010-trento-doc-in-astuccio\/","og_locale":"en_US","og_type":"article","og_title":"Giulio Ferrari Riserva del Fondatore 2010 Trento doc in astuccio - Mister Coffee","og_description":"\u00a0Giulio Ferrari Riserva del Fondatore\u00a0 Trento doc 2010 con astuccio Lo spumante pi\u00f9 famoso di tutti, quello che designa le migliori bollicine italiane nel mondo, in grado di vincere la sfida del tempo e consacrarsi al mito. Uno chardonnay in purezza proveniente dal mitico cru di Maso Pianizza, la cui maturazione sui lieviti dura quasi [&hellip;]","og_url":"https:\/\/www.mistercoffeemisterbianco.it\/en\/product\/giulio-ferrari-riserva-del-fondatore-2010-trento-doc-in-astuccio\/","og_site_name":"Mister Coffee","article_modified_time":"2025-07-16T11:41:46+00:00","og_image":[{"width":2000,"height":2000,"url":"https:\/\/www.mistercoffeemisterbianco.it\/wp-content\/uploads\/2025\/06\/giulio-ferrari-2010-1.jpg","type":"image\/jpeg"}],"twitter_card":"summary_large_image","twitter_misc":{"Est. reading time":"2 minutes"},"schema":{"@context":"https:\/\/schema.org","@graph":[{"@type":"WebPage","@id":"https:\/\/www.mistercoffeemisterbianco.it\/prodotto\/giulio-ferrari-riserva-del-fondatore-2010-trento-doc-in-astuccio\/","url":"https:\/\/www.mistercoffeemisterbianco.it\/prodotto\/giulio-ferrari-riserva-del-fondatore-2010-trento-doc-in-astuccio\/","name":"Giulio Ferrari Riserva del Fondatore 2010 Trento doc in astuccio - Mister Coffee","isPartOf":{"@id":"https:\/\/www.mistercoffeemisterbianco.it\/#website"},"primaryImageOfPage":{"@id":"https:\/\/www.mistercoffeemisterbianco.it\/prodotto\/giulio-ferrari-riserva-del-fondatore-2010-trento-doc-in-astuccio\/#primaryimage"},"image":{"@id":"https:\/\/www.mistercoffeemisterbianco.it\/prodotto\/giulio-ferrari-riserva-del-fondatore-2010-trento-doc-in-astuccio\/#primaryimage"},"thumbnailUrl":"https:\/\/www.mistercoffeemisterbianco.it\/wp-content\/uploads\/2025\/06\/giulio-ferrari-2010-1.jpg","datePublished":"2025-06-09T10:55:34+00:00","dateModified":"2025-07-16T11:41:46+00:00","breadcrumb":{"@id":"https:\/\/www.mistercoffeemisterbianco.it\/prodotto\/giulio-ferrari-riserva-del-fondatore-2010-trento-doc-in-astuccio\/#breadcrumb"},"inLanguage":"en-US","potentialAction":[{"@type":"ReadAction","target":["https:\/\/www.mistercoffeemisterbianco.it\/prodotto\/giulio-ferrari-riserva-del-fondatore-2010-trento-doc-in-astuccio\/"]}]},{"@type":"ImageObject","inLanguage":"en-US","@id":"https:\/\/www.mistercoffeemisterbianco.it\/prodotto\/giulio-ferrari-riserva-del-fondatore-2010-trento-doc-in-astuccio\/#primaryimage","url":"https:\/\/www.mistercoffeemisterbianco.it\/wp-content\/uploads\/2025\/06\/giulio-ferrari-2010-1.jpg","contentUrl":"https:\/\/www.mistercoffeemisterbianco.it\/wp-content\/uploads\/2025\/06\/giulio-ferrari-2010-1.jpg","width":2000,"height":2000},{"@type":"BreadcrumbList","@id":"https:\/\/www.mistercoffeemisterbianco.it\/prodotto\/giulio-ferrari-riserva-del-fondatore-2010-trento-doc-in-astuccio\/#breadcrumb","itemListElement":[{"@type":"ListItem","position":1,"name":"Home","item":"https:\/\/www.mistercoffeemisterbianco.it\/"},{"@type":"ListItem","position":2,"name":"Prodotti","item":"https:\/\/www.mistercoffeemisterbianco.it\/shop\/"},{"@type":"ListItem","position":3,"name":"Giulio Ferrari Riserva del Fondatore 2010 Trento doc in astuccio"}]},{"@type":"WebSite","@id":"https:\/\/www.mistercoffeemisterbianco.it\/#website","url":"https:\/\/www.mistercoffeemisterbianco.it\/","name":"Mister Coffee","description":"","publisher":{"@id":"https:\/\/www.mistercoffeemisterbianco.it\/#organization"},"potentialAction":[{"@type":"SearchAction","target":{"@type":"EntryPoint","urlTemplate":"https:\/\/www.mistercoffeemisterbianco.it\/?s={search_term_string}"},"query-input":{"@type":"PropertyValueSpecification","valueRequired":true,"valueName":"search_term_string"}}],"inLanguage":"en-US"},{"@type":"Organization","@id":"https:\/\/www.mistercoffeemisterbianco.it\/#organization","name":"Mister Coffee","url":"https:\/\/www.mistercoffeemisterbianco.it\/","logo":{"@type":"ImageObject","inLanguage":"en-US","@id":"https:\/\/www.mistercoffeemisterbianco.it\/#\/schema\/logo\/image\/","url":"https:\/\/www.mistercoffeemisterbianco.it\/wp-content\/uploads\/2025\/06\/logo-nuovo.png","contentUrl":"https:\/\/www.mistercoffeemisterbianco.it\/wp-content\/uploads\/2025\/06\/logo-nuovo.png","width":281,"height":80,"caption":"Mister Coffee"},"image":{"@id":"https:\/\/www.mistercoffeemisterbianco.it\/#\/schema\/logo\/image\/"}}]}},"_links":{"self":[{"href":"https:\/\/www.mistercoffeemisterbianco.it\/en\/wp-json\/wp\/v2\/product\/3006","targetHints":{"allow":["GET"]}}],"collection":[{"href":"https:\/\/www.mistercoffeemisterbianco.it\/en\/wp-json\/wp\/v2\/product"}],"about":[{"href":"https:\/\/www.mistercoffeemisterbianco.it\/en\/wp-json\/wp\/v2\/types\/product"}],"wp:featuredmedia":[{"embeddable":true,"href":"https:\/\/www.mistercoffeemisterbianco.it\/en\/wp-json\/wp\/v2\/media\/3674"}],"wp:attachment":[{"href":"https:\/\/www.mistercoffeemisterbianco.it\/en\/wp-json\/wp\/v2\/media?parent=3006"}],"wp:term":[{"taxonomy":"product_brand","embeddable":true,"href":"https:\/\/www.mistercoffeemisterbianco.it\/en\/wp-json\/wp\/v2\/product_brand?post=3006"},{"taxonomy":"product_cat","embeddable":true,"href":"https:\/\/www.mistercoffeemisterbianco.it\/en\/wp-json\/wp\/v2\/product_cat?post=3006"},{"taxonomy":"product_tag","embeddable":true,"href":"https:\/\/www.mistercoffeemisterbianco.it\/en\/wp-json\/wp\/v2\/product_tag?post=3006"}],"curies":[{"name":"wp","href":"https:\/\/api.w.org\/{rel}","templated":true}]}}