{"id":3458,"date":"2025-06-09T12:54:19","date_gmt":"2025-06-09T10:54:19","guid":{"rendered":"https:\/\/www.mistercoffeemisterbianco.it\/?post_type=product&#038;p=3458"},"modified":"2025-11-28T17:50:56","modified_gmt":"2025-11-28T16:50:56","slug":"brut-special-cuvee-bollinger","status":"publish","type":"product","link":"https:\/\/www.mistercoffeemisterbianco.it\/en\/product\/brut-special-cuvee-bollinger\/","title":{"rendered":"Brut Special Cuv\u00e9e &#8211; Bollinger"},"content":{"rendered":"<p>Brut Special Cuv\u00e9e &#8211; Bollinger<\/p>\n<p><span>La Special Cuv\u00e9e \u00e8 perfetta condivisa tra amici, per un momento semplice e significativo.&nbsp;<\/span><span>\u00c8 lo champagne che diamo alle persone che amiamo e che amano le cose belle.&nbsp;<\/span><span>Per esaltarne lo stile, i profumi e gli aromi unici, la Special Cuv\u00e9e va servita tra i 10 ei 12\u00b0C.&nbsp;<\/span><span>Puoi gustare la Special Cuv\u00e9e subito, oppure scegliere di invecchiarla nella tua cantina<\/span><\/p>\n<p><span>Alla vista:<\/span><span>&nbsp;colore dorato, caratteristico dei vitigni a bacca nera;&nbsp;bollicine molto fini.&nbsp;<\/span><\/p>\n<p><span>Al naso<\/span><span>&nbsp;: una bella complessit\u00e0 aromatica;&nbsp;frutta matura e aromi speziati;&nbsp;sentori di mele tostate, composta di mele e pesche.&nbsp;<\/span><\/p>\n<p><span>Al palato:<\/span><span>&nbsp;una sottile combinazione di struttura, lunghezza e vivacit\u00e0;&nbsp;bolle come velluto;&nbsp;pera, brioche e aromi speziati, note di noce fresca.<\/span><\/p>","protected":false},"excerpt":{"rendered":"<p>Brut Special Cuv\u00e9e &#8211; Bollinger La Special Cuv\u00e9e \u00e8 perfetta condivisa tra amici, per un momento semplice e significativo.&nbsp;\u00c8 lo champagne che diamo alle persone che amiamo e che amano le cose belle.&nbsp;Per esaltarne lo stile, i profumi e gli aromi unici, la Special Cuv\u00e9e va servita tra i 10 ei 12\u00b0C.&nbsp;Puoi gustare la Special [&hellip;]<\/p>","protected":false},"featured_media":3459,"template":"","meta":[],"product_brand":[],"product_cat":[99,108],"product_tag":[],"class_list":{"0":"post-3458","1":"product","2":"type-product","3":"status-publish","4":"has-post-thumbnail","6":"product_cat-champagne","7":"product_cat-vini-francesi","9":"first","10":"instock","11":"taxable","12":"shipping-taxable","13":"purchasable","14":"product-type-simple"},"yoast_head":"<!-- This site is optimized with the Yoast SEO plugin v25.2 - https:\/\/yoast.com\/wordpress\/plugins\/seo\/ -->\n<title>Brut Special Cuv\u00e9e - Bollinger - Mister Coffee<\/title>\n<meta name=\"robots\" content=\"index, follow, max-snippet:-1, max-image-preview:large, max-video-preview:-1\" \/>\n<link rel=\"canonical\" href=\"https:\/\/www.mistercoffeemisterbianco.it\/en\/product\/brut-special-cuvee-bollinger\/\" \/>\n<meta property=\"og:locale\" content=\"en_US\" \/>\n<meta property=\"og:type\" content=\"article\" \/>\n<meta property=\"og:title\" content=\"Brut Special Cuv\u00e9e - Bollinger - Mister Coffee\" \/>\n<meta property=\"og:description\" content=\"Brut Special Cuv\u00e9e &#8211; Bollinger La Special Cuv\u00e9e \u00e8 perfetta condivisa tra amici, per un momento semplice e significativo.&nbsp;\u00c8 lo champagne che diamo alle persone che amiamo e che amano le cose belle.&nbsp;Per esaltarne lo stile, i profumi e gli aromi unici, la Special Cuv\u00e9e va servita tra i 10 ei 12\u00b0C.&nbsp;Puoi gustare la Special [&hellip;]\" \/>\n<meta property=\"og:url\" content=\"https:\/\/www.mistercoffeemisterbianco.it\/en\/product\/brut-special-cuvee-bollinger\/\" \/>\n<meta property=\"og:site_name\" content=\"Mister Coffee\" \/>\n<meta property=\"article:modified_time\" content=\"2025-11-28T16:50:56+00:00\" \/>\n<meta property=\"og:image\" content=\"https:\/\/www.mistercoffeemisterbianco.it\/wp-content\/uploads\/2025\/06\/bollinger-special-cuve-1-scaled.jpg\" \/>\n\t<meta property=\"og:image:width\" content=\"2560\" \/>\n\t<meta property=\"og:image:height\" content=\"2560\" \/>\n\t<meta property=\"og:image:type\" content=\"image\/jpeg\" \/>\n<meta name=\"twitter:card\" content=\"summary_large_image\" \/>\n<meta name=\"twitter:label1\" content=\"Est. reading time\" \/>\n\t<meta name=\"twitter:data1\" content=\"1 minute\" \/>\n<script type=\"application\/ld+json\" class=\"yoast-schema-graph\">{\"@context\":\"https:\/\/schema.org\",\"@graph\":[{\"@type\":\"WebPage\",\"@id\":\"https:\/\/www.mistercoffeemisterbianco.it\/prodotto\/brut-special-cuvee-bollinger\/\",\"url\":\"https:\/\/www.mistercoffeemisterbianco.it\/prodotto\/brut-special-cuvee-bollinger\/\",\"name\":\"Brut Special Cuv\u00e9e - Bollinger - Mister Coffee\",\"isPartOf\":{\"@id\":\"https:\/\/www.mistercoffeemisterbianco.it\/#website\"},\"primaryImageOfPage\":{\"@id\":\"https:\/\/www.mistercoffeemisterbianco.it\/prodotto\/brut-special-cuvee-bollinger\/#primaryimage\"},\"image\":{\"@id\":\"https:\/\/www.mistercoffeemisterbianco.it\/prodotto\/brut-special-cuvee-bollinger\/#primaryimage\"},\"thumbnailUrl\":\"https:\/\/www.mistercoffeemisterbianco.it\/wp-content\/uploads\/2025\/06\/bollinger-special-cuve-1-scaled.jpg\",\"datePublished\":\"2025-06-09T10:54:19+00:00\",\"dateModified\":\"2025-11-28T16:50:56+00:00\",\"breadcrumb\":{\"@id\":\"https:\/\/www.mistercoffeemisterbianco.it\/prodotto\/brut-special-cuvee-bollinger\/#breadcrumb\"},\"inLanguage\":\"en-US\",\"potentialAction\":[{\"@type\":\"ReadAction\",\"target\":[\"https:\/\/www.mistercoffeemisterbianco.it\/prodotto\/brut-special-cuvee-bollinger\/\"]}]},{\"@type\":\"ImageObject\",\"inLanguage\":\"en-US\",\"@id\":\"https:\/\/www.mistercoffeemisterbianco.it\/prodotto\/brut-special-cuvee-bollinger\/#primaryimage\",\"url\":\"https:\/\/www.mistercoffeemisterbianco.it\/wp-content\/uploads\/2025\/06\/bollinger-special-cuve-1-scaled.jpg\",\"contentUrl\":\"https:\/\/www.mistercoffeemisterbianco.it\/wp-content\/uploads\/2025\/06\/bollinger-special-cuve-1-scaled.jpg\",\"width\":2560,\"height\":2560},{\"@type\":\"BreadcrumbList\",\"@id\":\"https:\/\/www.mistercoffeemisterbianco.it\/prodotto\/brut-special-cuvee-bollinger\/#breadcrumb\",\"itemListElement\":[{\"@type\":\"ListItem\",\"position\":1,\"name\":\"Home\",\"item\":\"https:\/\/www.mistercoffeemisterbianco.it\/\"},{\"@type\":\"ListItem\",\"position\":2,\"name\":\"Prodotti\",\"item\":\"https:\/\/www.mistercoffeemisterbianco.it\/shop\/\"},{\"@type\":\"ListItem\",\"position\":3,\"name\":\"Brut Special Cuv\u00e9e &#8211; Bollinger\"}]},{\"@type\":\"WebSite\",\"@id\":\"https:\/\/www.mistercoffeemisterbianco.it\/#website\",\"url\":\"https:\/\/www.mistercoffeemisterbianco.it\/\",\"name\":\"Mister Coffee\",\"description\":\"\",\"publisher\":{\"@id\":\"https:\/\/www.mistercoffeemisterbianco.it\/#organization\"},\"potentialAction\":[{\"@type\":\"SearchAction\",\"target\":{\"@type\":\"EntryPoint\",\"urlTemplate\":\"https:\/\/www.mistercoffeemisterbianco.it\/?s={search_term_string}\"},\"query-input\":{\"@type\":\"PropertyValueSpecification\",\"valueRequired\":true,\"valueName\":\"search_term_string\"}}],\"inLanguage\":\"en-US\"},{\"@type\":\"Organization\",\"@id\":\"https:\/\/www.mistercoffeemisterbianco.it\/#organization\",\"name\":\"Mister Coffee\",\"url\":\"https:\/\/www.mistercoffeemisterbianco.it\/\",\"logo\":{\"@type\":\"ImageObject\",\"inLanguage\":\"en-US\",\"@id\":\"https:\/\/www.mistercoffeemisterbianco.it\/#\/schema\/logo\/image\/\",\"url\":\"https:\/\/www.mistercoffeemisterbianco.it\/wp-content\/uploads\/2025\/06\/logo-nuovo.png\",\"contentUrl\":\"https:\/\/www.mistercoffeemisterbianco.it\/wp-content\/uploads\/2025\/06\/logo-nuovo.png\",\"width\":281,\"height\":80,\"caption\":\"Mister Coffee\"},\"image\":{\"@id\":\"https:\/\/www.mistercoffeemisterbianco.it\/#\/schema\/logo\/image\/\"}}]}<\/script>\n<!-- \/ Yoast SEO plugin. -->","yoast_head_json":{"title":"Brut Special Cuv\u00e9e - Bollinger - Mister Coffee","robots":{"index":"index","follow":"follow","max-snippet":"max-snippet:-1","max-image-preview":"max-image-preview:large","max-video-preview":"max-video-preview:-1"},"canonical":"https:\/\/www.mistercoffeemisterbianco.it\/en\/product\/brut-special-cuvee-bollinger\/","og_locale":"en_US","og_type":"article","og_title":"Brut Special Cuv\u00e9e - Bollinger - Mister Coffee","og_description":"Brut Special Cuv\u00e9e &#8211; Bollinger La Special Cuv\u00e9e \u00e8 perfetta condivisa tra amici, per un momento semplice e significativo.&nbsp;\u00c8 lo champagne che diamo alle persone che amiamo e che amano le cose belle.&nbsp;Per esaltarne lo stile, i profumi e gli aromi unici, la Special Cuv\u00e9e va servita tra i 10 ei 12\u00b0C.&nbsp;Puoi gustare la Special [&hellip;]","og_url":"https:\/\/www.mistercoffeemisterbianco.it\/en\/product\/brut-special-cuvee-bollinger\/","og_site_name":"Mister Coffee","article_modified_time":"2025-11-28T16:50:56+00:00","og_image":[{"width":2560,"height":2560,"url":"https:\/\/www.mistercoffeemisterbianco.it\/wp-content\/uploads\/2025\/06\/bollinger-special-cuve-1-scaled.jpg","type":"image\/jpeg"}],"twitter_card":"summary_large_image","twitter_misc":{"Est. reading time":"1 minute"},"schema":{"@context":"https:\/\/schema.org","@graph":[{"@type":"WebPage","@id":"https:\/\/www.mistercoffeemisterbianco.it\/prodotto\/brut-special-cuvee-bollinger\/","url":"https:\/\/www.mistercoffeemisterbianco.it\/prodotto\/brut-special-cuvee-bollinger\/","name":"Brut Special Cuv\u00e9e - Bollinger - Mister Coffee","isPartOf":{"@id":"https:\/\/www.mistercoffeemisterbianco.it\/#website"},"primaryImageOfPage":{"@id":"https:\/\/www.mistercoffeemisterbianco.it\/prodotto\/brut-special-cuvee-bollinger\/#primaryimage"},"image":{"@id":"https:\/\/www.mistercoffeemisterbianco.it\/prodotto\/brut-special-cuvee-bollinger\/#primaryimage"},"thumbnailUrl":"https:\/\/www.mistercoffeemisterbianco.it\/wp-content\/uploads\/2025\/06\/bollinger-special-cuve-1-scaled.jpg","datePublished":"2025-06-09T10:54:19+00:00","dateModified":"2025-11-28T16:50:56+00:00","breadcrumb":{"@id":"https:\/\/www.mistercoffeemisterbianco.it\/prodotto\/brut-special-cuvee-bollinger\/#breadcrumb"},"inLanguage":"en-US","potentialAction":[{"@type":"ReadAction","target":["https:\/\/www.mistercoffeemisterbianco.it\/prodotto\/brut-special-cuvee-bollinger\/"]}]},{"@type":"ImageObject","inLanguage":"en-US","@id":"https:\/\/www.mistercoffeemisterbianco.it\/prodotto\/brut-special-cuvee-bollinger\/#primaryimage","url":"https:\/\/www.mistercoffeemisterbianco.it\/wp-content\/uploads\/2025\/06\/bollinger-special-cuve-1-scaled.jpg","contentUrl":"https:\/\/www.mistercoffeemisterbianco.it\/wp-content\/uploads\/2025\/06\/bollinger-special-cuve-1-scaled.jpg","width":2560,"height":2560},{"@type":"BreadcrumbList","@id":"https:\/\/www.mistercoffeemisterbianco.it\/prodotto\/brut-special-cuvee-bollinger\/#breadcrumb","itemListElement":[{"@type":"ListItem","position":1,"name":"Home","item":"https:\/\/www.mistercoffeemisterbianco.it\/"},{"@type":"ListItem","position":2,"name":"Prodotti","item":"https:\/\/www.mistercoffeemisterbianco.it\/shop\/"},{"@type":"ListItem","position":3,"name":"Brut Special Cuv\u00e9e &#8211; Bollinger"}]},{"@type":"WebSite","@id":"https:\/\/www.mistercoffeemisterbianco.it\/#website","url":"https:\/\/www.mistercoffeemisterbianco.it\/","name":"Mister Coffee","description":"","publisher":{"@id":"https:\/\/www.mistercoffeemisterbianco.it\/#organization"},"potentialAction":[{"@type":"SearchAction","target":{"@type":"EntryPoint","urlTemplate":"https:\/\/www.mistercoffeemisterbianco.it\/?s={search_term_string}"},"query-input":{"@type":"PropertyValueSpecification","valueRequired":true,"valueName":"search_term_string"}}],"inLanguage":"en-US"},{"@type":"Organization","@id":"https:\/\/www.mistercoffeemisterbianco.it\/#organization","name":"Mister Coffee","url":"https:\/\/www.mistercoffeemisterbianco.it\/","logo":{"@type":"ImageObject","inLanguage":"en-US","@id":"https:\/\/www.mistercoffeemisterbianco.it\/#\/schema\/logo\/image\/","url":"https:\/\/www.mistercoffeemisterbianco.it\/wp-content\/uploads\/2025\/06\/logo-nuovo.png","contentUrl":"https:\/\/www.mistercoffeemisterbianco.it\/wp-content\/uploads\/2025\/06\/logo-nuovo.png","width":281,"height":80,"caption":"Mister Coffee"},"image":{"@id":"https:\/\/www.mistercoffeemisterbianco.it\/#\/schema\/logo\/image\/"}}]}},"_links":{"self":[{"href":"https:\/\/www.mistercoffeemisterbianco.it\/en\/wp-json\/wp\/v2\/product\/3458","targetHints":{"allow":["GET"]}}],"collection":[{"href":"https:\/\/www.mistercoffeemisterbianco.it\/en\/wp-json\/wp\/v2\/product"}],"about":[{"href":"https:\/\/www.mistercoffeemisterbianco.it\/en\/wp-json\/wp\/v2\/types\/product"}],"wp:featuredmedia":[{"embeddable":true,"href":"https:\/\/www.mistercoffeemisterbianco.it\/en\/wp-json\/wp\/v2\/media\/3459"}],"wp:attachment":[{"href":"https:\/\/www.mistercoffeemisterbianco.it\/en\/wp-json\/wp\/v2\/media?parent=3458"}],"wp:term":[{"taxonomy":"product_brand","embeddable":true,"href":"https:\/\/www.mistercoffeemisterbianco.it\/en\/wp-json\/wp\/v2\/product_brand?post=3458"},{"taxonomy":"product_cat","embeddable":true,"href":"https:\/\/www.mistercoffeemisterbianco.it\/en\/wp-json\/wp\/v2\/product_cat?post=3458"},{"taxonomy":"product_tag","embeddable":true,"href":"https:\/\/www.mistercoffeemisterbianco.it\/en\/wp-json\/wp\/v2\/product_tag?post=3458"}],"curies":[{"name":"wp","href":"https:\/\/api.w.org\/{rel}","templated":true}]}}