{"id":3812,"date":"2025-06-09T12:56:10","date_gmt":"2025-06-09T10:56:10","guid":{"rendered":"https:\/\/www.mistercoffeemisterbianco.it\/?post_type=product&#038;p=3812"},"modified":"2025-08-01T12:21:10","modified_gmt":"2025-08-01T10:21:10","slug":"lavi-spumante-grillo-colomba-bianca","status":"publish","type":"product","link":"https:\/\/www.mistercoffeemisterbianco.it\/en\/product\/lavi-spumante-grillo-colomba-bianca\/","title":{"rendered":"Lav\u00ec Spumante demi sec &#8211; Colomba Bianca"},"content":{"rendered":"<p>Lav\u00ec Spumante Grillo &#8211; Colomba Bianca<\/p>\n<p>Il vino si presenta giallo paglierino con riflessi verdolini. Il bouquet \u00e8&nbsp;<strong>intenso e complesso<\/strong>, con un corredo di profumi freschi e aromatici e con sentori di fiori bianchi come zagara e sambuco con un finale di note agrumate. All\u2019assaggio si distinguono sentori di foglie di ortica e di salvia, gelsomino e melone. Esprime una perfetta armonia fra il potenziale del vitigno e il suo territorio. Minerale, sapido, vivace e fresco.<\/p>\n<p>Uno spumante Extra Dry, prodotto da uve Grillo in perfetta simbiosi con il territorio da cui trae origine. Tra le etichette di punta di Colomba Bianca, questa cuv\u00e9e nasce in purezza da uve raccolte manualmente e spumantizzate secondo il metodo Charmat. Sapido, equilibrato, il Lav\u00ec Grillo \u00e8 caratterizzato da un perlage fine e persistente. Le intense note floreali e l\u2019ampio ventaglio aromatico lo rendono adatto per occasioni gioviali e di festa.<\/p>","protected":false},"excerpt":{"rendered":"<p>Lav\u00ec Spumante Grillo &#8211; Colomba Bianca Il vino si presenta giallo paglierino con riflessi verdolini. Il bouquet \u00e8&nbsp;intenso e complesso, con un corredo di profumi freschi e aromatici e con sentori di fiori bianchi come zagara e sambuco con un finale di note agrumate. All\u2019assaggio si distinguono sentori di foglie di ortica e di salvia, [&hellip;]<\/p>","protected":false},"featured_media":3813,"template":"","meta":[],"product_brand":[],"product_cat":[146],"product_tag":[125],"class_list":{"0":"post-3812","1":"product","2":"type-product","3":"status-publish","4":"has-post-thumbnail","6":"product_cat-spumanti-siciliani-spumanti-spumanti","7":"product_tag-sicilia","9":"first","10":"instock","11":"taxable","12":"shipping-taxable","13":"purchasable","14":"product-type-simple"},"yoast_head":"<!-- This site is optimized with the Yoast SEO plugin v25.2 - https:\/\/yoast.com\/wordpress\/plugins\/seo\/ -->\n<title>Lav\u00ec Spumante demi sec - Colomba Bianca - Mister Coffee<\/title>\n<meta name=\"robots\" content=\"index, follow, max-snippet:-1, max-image-preview:large, max-video-preview:-1\" \/>\n<link rel=\"canonical\" href=\"https:\/\/www.mistercoffeemisterbianco.it\/en\/product\/lavi-spumante-grillo-colomba-bianca\/\" \/>\n<meta property=\"og:locale\" content=\"en_US\" \/>\n<meta property=\"og:type\" content=\"article\" \/>\n<meta property=\"og:title\" content=\"Lav\u00ec Spumante demi sec - Colomba Bianca - Mister Coffee\" \/>\n<meta property=\"og:description\" content=\"Lav\u00ec Spumante Grillo &#8211; Colomba Bianca Il vino si presenta giallo paglierino con riflessi verdolini. Il bouquet \u00e8&nbsp;intenso e complesso, con un corredo di profumi freschi e aromatici e con sentori di fiori bianchi come zagara e sambuco con un finale di note agrumate. All\u2019assaggio si distinguono sentori di foglie di ortica e di salvia, [&hellip;]\" \/>\n<meta property=\"og:url\" content=\"https:\/\/www.mistercoffeemisterbianco.it\/en\/product\/lavi-spumante-grillo-colomba-bianca\/\" \/>\n<meta property=\"og:site_name\" content=\"Mister Coffee\" \/>\n<meta property=\"article:modified_time\" content=\"2025-08-01T10:21:10+00:00\" \/>\n<meta property=\"og:image\" content=\"https:\/\/www.mistercoffeemisterbianco.it\/wp-content\/uploads\/2025\/06\/lavicolombabianca-1.png\" \/>\n\t<meta property=\"og:image:width\" content=\"500\" \/>\n\t<meta property=\"og:image:height\" content=\"676\" \/>\n\t<meta property=\"og:image:type\" content=\"image\/png\" \/>\n<meta name=\"twitter:card\" content=\"summary_large_image\" \/>\n<meta name=\"twitter:label1\" content=\"Est. reading time\" \/>\n\t<meta name=\"twitter:data1\" content=\"1 minute\" \/>\n<script type=\"application\/ld+json\" class=\"yoast-schema-graph\">{\"@context\":\"https:\/\/schema.org\",\"@graph\":[{\"@type\":\"WebPage\",\"@id\":\"https:\/\/www.mistercoffeemisterbianco.it\/prodotto\/lavi-spumante-grillo-colomba-bianca\/\",\"url\":\"https:\/\/www.mistercoffeemisterbianco.it\/prodotto\/lavi-spumante-grillo-colomba-bianca\/\",\"name\":\"Lav\u00ec Spumante demi sec - Colomba Bianca - Mister Coffee\",\"isPartOf\":{\"@id\":\"https:\/\/www.mistercoffeemisterbianco.it\/#website\"},\"primaryImageOfPage\":{\"@id\":\"https:\/\/www.mistercoffeemisterbianco.it\/prodotto\/lavi-spumante-grillo-colomba-bianca\/#primaryimage\"},\"image\":{\"@id\":\"https:\/\/www.mistercoffeemisterbianco.it\/prodotto\/lavi-spumante-grillo-colomba-bianca\/#primaryimage\"},\"thumbnailUrl\":\"https:\/\/www.mistercoffeemisterbianco.it\/wp-content\/uploads\/2025\/06\/lavicolombabianca-1.png\",\"datePublished\":\"2025-06-09T10:56:10+00:00\",\"dateModified\":\"2025-08-01T10:21:10+00:00\",\"breadcrumb\":{\"@id\":\"https:\/\/www.mistercoffeemisterbianco.it\/prodotto\/lavi-spumante-grillo-colomba-bianca\/#breadcrumb\"},\"inLanguage\":\"en-US\",\"potentialAction\":[{\"@type\":\"ReadAction\",\"target\":[\"https:\/\/www.mistercoffeemisterbianco.it\/prodotto\/lavi-spumante-grillo-colomba-bianca\/\"]}]},{\"@type\":\"ImageObject\",\"inLanguage\":\"en-US\",\"@id\":\"https:\/\/www.mistercoffeemisterbianco.it\/prodotto\/lavi-spumante-grillo-colomba-bianca\/#primaryimage\",\"url\":\"https:\/\/www.mistercoffeemisterbianco.it\/wp-content\/uploads\/2025\/06\/lavicolombabianca-1.png\",\"contentUrl\":\"https:\/\/www.mistercoffeemisterbianco.it\/wp-content\/uploads\/2025\/06\/lavicolombabianca-1.png\",\"width\":500,\"height\":676},{\"@type\":\"BreadcrumbList\",\"@id\":\"https:\/\/www.mistercoffeemisterbianco.it\/prodotto\/lavi-spumante-grillo-colomba-bianca\/#breadcrumb\",\"itemListElement\":[{\"@type\":\"ListItem\",\"position\":1,\"name\":\"Home\",\"item\":\"https:\/\/www.mistercoffeemisterbianco.it\/\"},{\"@type\":\"ListItem\",\"position\":2,\"name\":\"Prodotti\",\"item\":\"https:\/\/www.mistercoffeemisterbianco.it\/shop\/\"},{\"@type\":\"ListItem\",\"position\":3,\"name\":\"Lav\u00ec Spumante demi sec &#8211; Colomba Bianca\"}]},{\"@type\":\"WebSite\",\"@id\":\"https:\/\/www.mistercoffeemisterbianco.it\/#website\",\"url\":\"https:\/\/www.mistercoffeemisterbianco.it\/\",\"name\":\"Mister Coffee\",\"description\":\"\",\"publisher\":{\"@id\":\"https:\/\/www.mistercoffeemisterbianco.it\/#organization\"},\"potentialAction\":[{\"@type\":\"SearchAction\",\"target\":{\"@type\":\"EntryPoint\",\"urlTemplate\":\"https:\/\/www.mistercoffeemisterbianco.it\/?s={search_term_string}\"},\"query-input\":{\"@type\":\"PropertyValueSpecification\",\"valueRequired\":true,\"valueName\":\"search_term_string\"}}],\"inLanguage\":\"en-US\"},{\"@type\":\"Organization\",\"@id\":\"https:\/\/www.mistercoffeemisterbianco.it\/#organization\",\"name\":\"Mister Coffee\",\"url\":\"https:\/\/www.mistercoffeemisterbianco.it\/\",\"logo\":{\"@type\":\"ImageObject\",\"inLanguage\":\"en-US\",\"@id\":\"https:\/\/www.mistercoffeemisterbianco.it\/#\/schema\/logo\/image\/\",\"url\":\"https:\/\/www.mistercoffeemisterbianco.it\/wp-content\/uploads\/2025\/06\/logo-nuovo.png\",\"contentUrl\":\"https:\/\/www.mistercoffeemisterbianco.it\/wp-content\/uploads\/2025\/06\/logo-nuovo.png\",\"width\":281,\"height\":80,\"caption\":\"Mister Coffee\"},\"image\":{\"@id\":\"https:\/\/www.mistercoffeemisterbianco.it\/#\/schema\/logo\/image\/\"}}]}<\/script>\n<!-- \/ Yoast SEO plugin. -->","yoast_head_json":{"title":"Lav\u00ec Spumante demi sec - Colomba Bianca - Mister Coffee","robots":{"index":"index","follow":"follow","max-snippet":"max-snippet:-1","max-image-preview":"max-image-preview:large","max-video-preview":"max-video-preview:-1"},"canonical":"https:\/\/www.mistercoffeemisterbianco.it\/en\/product\/lavi-spumante-grillo-colomba-bianca\/","og_locale":"en_US","og_type":"article","og_title":"Lav\u00ec Spumante demi sec - Colomba Bianca - Mister Coffee","og_description":"Lav\u00ec Spumante Grillo &#8211; Colomba Bianca Il vino si presenta giallo paglierino con riflessi verdolini. Il bouquet \u00e8&nbsp;intenso e complesso, con un corredo di profumi freschi e aromatici e con sentori di fiori bianchi come zagara e sambuco con un finale di note agrumate. All\u2019assaggio si distinguono sentori di foglie di ortica e di salvia, [&hellip;]","og_url":"https:\/\/www.mistercoffeemisterbianco.it\/en\/product\/lavi-spumante-grillo-colomba-bianca\/","og_site_name":"Mister Coffee","article_modified_time":"2025-08-01T10:21:10+00:00","og_image":[{"width":500,"height":676,"url":"https:\/\/www.mistercoffeemisterbianco.it\/wp-content\/uploads\/2025\/06\/lavicolombabianca-1.png","type":"image\/png"}],"twitter_card":"summary_large_image","twitter_misc":{"Est. reading time":"1 minute"},"schema":{"@context":"https:\/\/schema.org","@graph":[{"@type":"WebPage","@id":"https:\/\/www.mistercoffeemisterbianco.it\/prodotto\/lavi-spumante-grillo-colomba-bianca\/","url":"https:\/\/www.mistercoffeemisterbianco.it\/prodotto\/lavi-spumante-grillo-colomba-bianca\/","name":"Lav\u00ec Spumante demi sec - Colomba Bianca - Mister Coffee","isPartOf":{"@id":"https:\/\/www.mistercoffeemisterbianco.it\/#website"},"primaryImageOfPage":{"@id":"https:\/\/www.mistercoffeemisterbianco.it\/prodotto\/lavi-spumante-grillo-colomba-bianca\/#primaryimage"},"image":{"@id":"https:\/\/www.mistercoffeemisterbianco.it\/prodotto\/lavi-spumante-grillo-colomba-bianca\/#primaryimage"},"thumbnailUrl":"https:\/\/www.mistercoffeemisterbianco.it\/wp-content\/uploads\/2025\/06\/lavicolombabianca-1.png","datePublished":"2025-06-09T10:56:10+00:00","dateModified":"2025-08-01T10:21:10+00:00","breadcrumb":{"@id":"https:\/\/www.mistercoffeemisterbianco.it\/prodotto\/lavi-spumante-grillo-colomba-bianca\/#breadcrumb"},"inLanguage":"en-US","potentialAction":[{"@type":"ReadAction","target":["https:\/\/www.mistercoffeemisterbianco.it\/prodotto\/lavi-spumante-grillo-colomba-bianca\/"]}]},{"@type":"ImageObject","inLanguage":"en-US","@id":"https:\/\/www.mistercoffeemisterbianco.it\/prodotto\/lavi-spumante-grillo-colomba-bianca\/#primaryimage","url":"https:\/\/www.mistercoffeemisterbianco.it\/wp-content\/uploads\/2025\/06\/lavicolombabianca-1.png","contentUrl":"https:\/\/www.mistercoffeemisterbianco.it\/wp-content\/uploads\/2025\/06\/lavicolombabianca-1.png","width":500,"height":676},{"@type":"BreadcrumbList","@id":"https:\/\/www.mistercoffeemisterbianco.it\/prodotto\/lavi-spumante-grillo-colomba-bianca\/#breadcrumb","itemListElement":[{"@type":"ListItem","position":1,"name":"Home","item":"https:\/\/www.mistercoffeemisterbianco.it\/"},{"@type":"ListItem","position":2,"name":"Prodotti","item":"https:\/\/www.mistercoffeemisterbianco.it\/shop\/"},{"@type":"ListItem","position":3,"name":"Lav\u00ec Spumante demi sec &#8211; Colomba Bianca"}]},{"@type":"WebSite","@id":"https:\/\/www.mistercoffeemisterbianco.it\/#website","url":"https:\/\/www.mistercoffeemisterbianco.it\/","name":"Mister Coffee","description":"","publisher":{"@id":"https:\/\/www.mistercoffeemisterbianco.it\/#organization"},"potentialAction":[{"@type":"SearchAction","target":{"@type":"EntryPoint","urlTemplate":"https:\/\/www.mistercoffeemisterbianco.it\/?s={search_term_string}"},"query-input":{"@type":"PropertyValueSpecification","valueRequired":true,"valueName":"search_term_string"}}],"inLanguage":"en-US"},{"@type":"Organization","@id":"https:\/\/www.mistercoffeemisterbianco.it\/#organization","name":"Mister Coffee","url":"https:\/\/www.mistercoffeemisterbianco.it\/","logo":{"@type":"ImageObject","inLanguage":"en-US","@id":"https:\/\/www.mistercoffeemisterbianco.it\/#\/schema\/logo\/image\/","url":"https:\/\/www.mistercoffeemisterbianco.it\/wp-content\/uploads\/2025\/06\/logo-nuovo.png","contentUrl":"https:\/\/www.mistercoffeemisterbianco.it\/wp-content\/uploads\/2025\/06\/logo-nuovo.png","width":281,"height":80,"caption":"Mister Coffee"},"image":{"@id":"https:\/\/www.mistercoffeemisterbianco.it\/#\/schema\/logo\/image\/"}}]}},"_links":{"self":[{"href":"https:\/\/www.mistercoffeemisterbianco.it\/en\/wp-json\/wp\/v2\/product\/3812","targetHints":{"allow":["GET"]}}],"collection":[{"href":"https:\/\/www.mistercoffeemisterbianco.it\/en\/wp-json\/wp\/v2\/product"}],"about":[{"href":"https:\/\/www.mistercoffeemisterbianco.it\/en\/wp-json\/wp\/v2\/types\/product"}],"wp:featuredmedia":[{"embeddable":true,"href":"https:\/\/www.mistercoffeemisterbianco.it\/en\/wp-json\/wp\/v2\/media\/3813"}],"wp:attachment":[{"href":"https:\/\/www.mistercoffeemisterbianco.it\/en\/wp-json\/wp\/v2\/media?parent=3812"}],"wp:term":[{"taxonomy":"product_brand","embeddable":true,"href":"https:\/\/www.mistercoffeemisterbianco.it\/en\/wp-json\/wp\/v2\/product_brand?post=3812"},{"taxonomy":"product_cat","embeddable":true,"href":"https:\/\/www.mistercoffeemisterbianco.it\/en\/wp-json\/wp\/v2\/product_cat?post=3812"},{"taxonomy":"product_tag","embeddable":true,"href":"https:\/\/www.mistercoffeemisterbianco.it\/en\/wp-json\/wp\/v2\/product_tag?post=3812"}],"curies":[{"name":"wp","href":"https:\/\/api.w.org\/{rel}","templated":true}]}}