{"id":3868,"date":"2025-06-09T12:56:28","date_gmt":"2025-06-09T10:56:28","guid":{"rendered":"https:\/\/www.mistercoffeemisterbianco.it\/?post_type=product&#038;p=3868"},"modified":"2025-07-16T11:55:27","modified_gmt":"2025-07-16T09:55:27","slug":"lucido-colomba-bianca-vitese","status":"publish","type":"product","link":"https:\/\/www.mistercoffeemisterbianco.it\/en\/product\/lucido-colomba-bianca-vitese\/","title":{"rendered":"Lucido &#8211; Colomba bianca Vitese"},"content":{"rendered":"<div class=\"elementor-element elementor-element-e90f7de elementor-widget elementor-widget-heading\">\n<div class=\"elementor-widget-container\">\n<h2 class=\"elementor-heading-title elementor-size-default\">Lucido &#8211; Colomba bianca Vitese<\/h2>\n<\/div>\n<\/div>\n<div class=\"elementor-element elementor-element-b903677 elementor-widget elementor-widget-text-editor\">\n<div class=\"elementor-widget-container\">\n<div class=\"elementor-text-editor elementor-clearfix\">\n<p>Un 100% Lucido biologico, di assoluto pregio ed eleganza, dal corpo pieno ed equilibrato con intense note di erbe aromatiche. Tali caratteristiche varietali rappresentano al meglio un vitigno autoctono siciliano dal grande carattere, coltivato solo su alta collina. Tra le etichette che pi\u00f9 simboleggiano la specializzazione produttiva di Colomba Bianca, il Vitese Lucido \u00e8 contraddistinto da un bouquet fresco e sapido di frutta a polpa bianca. La grande beva d\u00e0 una prova di indiscutibile gradevolezza e finezza.<\/p>\n<\/div>\n<\/div>\n<\/div>\n<div class=\"elementor-element elementor-element-7665afb elementor-position-left elementor-vertical-align-bottom elementor-view-default elementor-widget elementor-widget-icon-box\">\n<div class=\"elementor-widget-container\">\n<div class=\"elementor-icon-box-wrapper\">\n<div class=\"elementor-icon-box-icon\"><strong>Denominazione<\/strong>: DOC SICILIA<br \/>\n<strong>Colore<\/strong>: giallo paglierino. Limpido e cristallino, mostra una scorrevole fluidit\u00e0<br \/>\n<strong>Profumo<\/strong>: al palato emergono note di frutti gialla, albicocca e pesca con sentori speziati di erbe aromatiche come rosmarino e salvia. Emerge un leggero e intrigante aroma di agrumi<br \/>\n<strong>Gusto<\/strong>: corpo morbido grazie al suo corredo aromatico fruttato e floreale. Vivace, fresco e possiede una fugace sapidit\u00e0 che bilancia perfettamente le note abboccate. Un vino diretto ed equilibrato<\/div>\n<\/div>\n<\/div>\n<\/div>","protected":false},"excerpt":{"rendered":"<p>Lucido &#8211; Colomba bianca Vitese Un 100% Lucido biologico, di assoluto pregio ed eleganza, dal corpo pieno ed equilibrato con intense note di erbe aromatiche. Tali caratteristiche varietali rappresentano al meglio un vitigno autoctono siciliano dal grande carattere, coltivato solo su alta collina. Tra le etichette che pi\u00f9 simboleggiano la specializzazione produttiva di Colomba Bianca, [&hellip;]<\/p>","protected":false},"featured_media":3869,"template":"","meta":[],"product_brand":[],"product_cat":[158,88],"product_tag":[125],"class_list":{"0":"post-3868","1":"product","2":"type-product","3":"status-publish","4":"has-post-thumbnail","6":"product_cat-vini","7":"product_cat-vini-bianchi-rossi-rosati-nazionali-ed-internazionali","8":"product_tag-sicilia","10":"first","11":"outofstock","12":"sale","13":"taxable","14":"shipping-taxable","15":"purchasable","16":"product-type-simple"},"yoast_head":"<!-- This site is optimized with the Yoast SEO plugin v25.2 - https:\/\/yoast.com\/wordpress\/plugins\/seo\/ -->\n<title>Lucido - Colomba bianca Vitese - Mister Coffee<\/title>\n<meta name=\"robots\" content=\"index, follow, max-snippet:-1, max-image-preview:large, max-video-preview:-1\" \/>\n<link rel=\"canonical\" href=\"https:\/\/www.mistercoffeemisterbianco.it\/en\/product\/lucido-colomba-bianca-vitese\/\" \/>\n<meta property=\"og:locale\" content=\"en_US\" \/>\n<meta property=\"og:type\" content=\"article\" \/>\n<meta property=\"og:title\" content=\"Lucido - Colomba bianca Vitese - Mister Coffee\" \/>\n<meta property=\"og:description\" content=\"Lucido &#8211; Colomba bianca Vitese Un 100% Lucido biologico, di assoluto pregio ed eleganza, dal corpo pieno ed equilibrato con intense note di erbe aromatiche. Tali caratteristiche varietali rappresentano al meglio un vitigno autoctono siciliano dal grande carattere, coltivato solo su alta collina. Tra le etichette che pi\u00f9 simboleggiano la specializzazione produttiva di Colomba Bianca, [&hellip;]\" \/>\n<meta property=\"og:url\" content=\"https:\/\/www.mistercoffeemisterbianco.it\/en\/product\/lucido-colomba-bianca-vitese\/\" \/>\n<meta property=\"og:site_name\" content=\"Mister Coffee\" \/>\n<meta property=\"article:modified_time\" content=\"2025-07-16T09:55:27+00:00\" \/>\n<meta property=\"og:image\" content=\"https:\/\/www.mistercoffeemisterbianco.it\/wp-content\/uploads\/2025\/06\/vitese_ombra-lucido-1.png\" \/>\n\t<meta property=\"og:image:width\" content=\"515\" \/>\n\t<meta property=\"og:image:height\" content=\"1400\" \/>\n\t<meta property=\"og:image:type\" content=\"image\/png\" \/>\n<meta name=\"twitter:card\" content=\"summary_large_image\" \/>\n<meta name=\"twitter:label1\" content=\"Est. reading time\" \/>\n\t<meta name=\"twitter:data1\" content=\"1 minute\" \/>\n<script type=\"application\/ld+json\" class=\"yoast-schema-graph\">{\"@context\":\"https:\/\/schema.org\",\"@graph\":[{\"@type\":\"WebPage\",\"@id\":\"https:\/\/www.mistercoffeemisterbianco.it\/prodotto\/lucido-colomba-bianca-vitese\/\",\"url\":\"https:\/\/www.mistercoffeemisterbianco.it\/prodotto\/lucido-colomba-bianca-vitese\/\",\"name\":\"Lucido - Colomba bianca Vitese - Mister Coffee\",\"isPartOf\":{\"@id\":\"https:\/\/www.mistercoffeemisterbianco.it\/#website\"},\"primaryImageOfPage\":{\"@id\":\"https:\/\/www.mistercoffeemisterbianco.it\/prodotto\/lucido-colomba-bianca-vitese\/#primaryimage\"},\"image\":{\"@id\":\"https:\/\/www.mistercoffeemisterbianco.it\/prodotto\/lucido-colomba-bianca-vitese\/#primaryimage\"},\"thumbnailUrl\":\"https:\/\/www.mistercoffeemisterbianco.it\/wp-content\/uploads\/2025\/06\/vitese_ombra-lucido-1.png\",\"datePublished\":\"2025-06-09T10:56:28+00:00\",\"dateModified\":\"2025-07-16T09:55:27+00:00\",\"breadcrumb\":{\"@id\":\"https:\/\/www.mistercoffeemisterbianco.it\/prodotto\/lucido-colomba-bianca-vitese\/#breadcrumb\"},\"inLanguage\":\"en-US\",\"potentialAction\":[{\"@type\":\"ReadAction\",\"target\":[\"https:\/\/www.mistercoffeemisterbianco.it\/prodotto\/lucido-colomba-bianca-vitese\/\"]}]},{\"@type\":\"ImageObject\",\"inLanguage\":\"en-US\",\"@id\":\"https:\/\/www.mistercoffeemisterbianco.it\/prodotto\/lucido-colomba-bianca-vitese\/#primaryimage\",\"url\":\"https:\/\/www.mistercoffeemisterbianco.it\/wp-content\/uploads\/2025\/06\/vitese_ombra-lucido-1.png\",\"contentUrl\":\"https:\/\/www.mistercoffeemisterbianco.it\/wp-content\/uploads\/2025\/06\/vitese_ombra-lucido-1.png\",\"width\":515,\"height\":1400},{\"@type\":\"BreadcrumbList\",\"@id\":\"https:\/\/www.mistercoffeemisterbianco.it\/prodotto\/lucido-colomba-bianca-vitese\/#breadcrumb\",\"itemListElement\":[{\"@type\":\"ListItem\",\"position\":1,\"name\":\"Home\",\"item\":\"https:\/\/www.mistercoffeemisterbianco.it\/\"},{\"@type\":\"ListItem\",\"position\":2,\"name\":\"Prodotti\",\"item\":\"https:\/\/www.mistercoffeemisterbianco.it\/shop\/\"},{\"@type\":\"ListItem\",\"position\":3,\"name\":\"Lucido &#8211; Colomba bianca Vitese\"}]},{\"@type\":\"WebSite\",\"@id\":\"https:\/\/www.mistercoffeemisterbianco.it\/#website\",\"url\":\"https:\/\/www.mistercoffeemisterbianco.it\/\",\"name\":\"Mister Coffee\",\"description\":\"\",\"publisher\":{\"@id\":\"https:\/\/www.mistercoffeemisterbianco.it\/#organization\"},\"potentialAction\":[{\"@type\":\"SearchAction\",\"target\":{\"@type\":\"EntryPoint\",\"urlTemplate\":\"https:\/\/www.mistercoffeemisterbianco.it\/?s={search_term_string}\"},\"query-input\":{\"@type\":\"PropertyValueSpecification\",\"valueRequired\":true,\"valueName\":\"search_term_string\"}}],\"inLanguage\":\"en-US\"},{\"@type\":\"Organization\",\"@id\":\"https:\/\/www.mistercoffeemisterbianco.it\/#organization\",\"name\":\"Mister Coffee\",\"url\":\"https:\/\/www.mistercoffeemisterbianco.it\/\",\"logo\":{\"@type\":\"ImageObject\",\"inLanguage\":\"en-US\",\"@id\":\"https:\/\/www.mistercoffeemisterbianco.it\/#\/schema\/logo\/image\/\",\"url\":\"https:\/\/www.mistercoffeemisterbianco.it\/wp-content\/uploads\/2025\/06\/logo-nuovo.png\",\"contentUrl\":\"https:\/\/www.mistercoffeemisterbianco.it\/wp-content\/uploads\/2025\/06\/logo-nuovo.png\",\"width\":281,\"height\":80,\"caption\":\"Mister Coffee\"},\"image\":{\"@id\":\"https:\/\/www.mistercoffeemisterbianco.it\/#\/schema\/logo\/image\/\"}}]}<\/script>\n<!-- \/ Yoast SEO plugin. -->","yoast_head_json":{"title":"Lucido - Colomba bianca Vitese - Mister Coffee","robots":{"index":"index","follow":"follow","max-snippet":"max-snippet:-1","max-image-preview":"max-image-preview:large","max-video-preview":"max-video-preview:-1"},"canonical":"https:\/\/www.mistercoffeemisterbianco.it\/en\/product\/lucido-colomba-bianca-vitese\/","og_locale":"en_US","og_type":"article","og_title":"Lucido - Colomba bianca Vitese - Mister Coffee","og_description":"Lucido &#8211; Colomba bianca Vitese Un 100% Lucido biologico, di assoluto pregio ed eleganza, dal corpo pieno ed equilibrato con intense note di erbe aromatiche. Tali caratteristiche varietali rappresentano al meglio un vitigno autoctono siciliano dal grande carattere, coltivato solo su alta collina. Tra le etichette che pi\u00f9 simboleggiano la specializzazione produttiva di Colomba Bianca, [&hellip;]","og_url":"https:\/\/www.mistercoffeemisterbianco.it\/en\/product\/lucido-colomba-bianca-vitese\/","og_site_name":"Mister Coffee","article_modified_time":"2025-07-16T09:55:27+00:00","og_image":[{"width":515,"height":1400,"url":"https:\/\/www.mistercoffeemisterbianco.it\/wp-content\/uploads\/2025\/06\/vitese_ombra-lucido-1.png","type":"image\/png"}],"twitter_card":"summary_large_image","twitter_misc":{"Est. reading time":"1 minute"},"schema":{"@context":"https:\/\/schema.org","@graph":[{"@type":"WebPage","@id":"https:\/\/www.mistercoffeemisterbianco.it\/prodotto\/lucido-colomba-bianca-vitese\/","url":"https:\/\/www.mistercoffeemisterbianco.it\/prodotto\/lucido-colomba-bianca-vitese\/","name":"Lucido - Colomba bianca Vitese - Mister Coffee","isPartOf":{"@id":"https:\/\/www.mistercoffeemisterbianco.it\/#website"},"primaryImageOfPage":{"@id":"https:\/\/www.mistercoffeemisterbianco.it\/prodotto\/lucido-colomba-bianca-vitese\/#primaryimage"},"image":{"@id":"https:\/\/www.mistercoffeemisterbianco.it\/prodotto\/lucido-colomba-bianca-vitese\/#primaryimage"},"thumbnailUrl":"https:\/\/www.mistercoffeemisterbianco.it\/wp-content\/uploads\/2025\/06\/vitese_ombra-lucido-1.png","datePublished":"2025-06-09T10:56:28+00:00","dateModified":"2025-07-16T09:55:27+00:00","breadcrumb":{"@id":"https:\/\/www.mistercoffeemisterbianco.it\/prodotto\/lucido-colomba-bianca-vitese\/#breadcrumb"},"inLanguage":"en-US","potentialAction":[{"@type":"ReadAction","target":["https:\/\/www.mistercoffeemisterbianco.it\/prodotto\/lucido-colomba-bianca-vitese\/"]}]},{"@type":"ImageObject","inLanguage":"en-US","@id":"https:\/\/www.mistercoffeemisterbianco.it\/prodotto\/lucido-colomba-bianca-vitese\/#primaryimage","url":"https:\/\/www.mistercoffeemisterbianco.it\/wp-content\/uploads\/2025\/06\/vitese_ombra-lucido-1.png","contentUrl":"https:\/\/www.mistercoffeemisterbianco.it\/wp-content\/uploads\/2025\/06\/vitese_ombra-lucido-1.png","width":515,"height":1400},{"@type":"BreadcrumbList","@id":"https:\/\/www.mistercoffeemisterbianco.it\/prodotto\/lucido-colomba-bianca-vitese\/#breadcrumb","itemListElement":[{"@type":"ListItem","position":1,"name":"Home","item":"https:\/\/www.mistercoffeemisterbianco.it\/"},{"@type":"ListItem","position":2,"name":"Prodotti","item":"https:\/\/www.mistercoffeemisterbianco.it\/shop\/"},{"@type":"ListItem","position":3,"name":"Lucido &#8211; Colomba bianca Vitese"}]},{"@type":"WebSite","@id":"https:\/\/www.mistercoffeemisterbianco.it\/#website","url":"https:\/\/www.mistercoffeemisterbianco.it\/","name":"Mister Coffee","description":"","publisher":{"@id":"https:\/\/www.mistercoffeemisterbianco.it\/#organization"},"potentialAction":[{"@type":"SearchAction","target":{"@type":"EntryPoint","urlTemplate":"https:\/\/www.mistercoffeemisterbianco.it\/?s={search_term_string}"},"query-input":{"@type":"PropertyValueSpecification","valueRequired":true,"valueName":"search_term_string"}}],"inLanguage":"en-US"},{"@type":"Organization","@id":"https:\/\/www.mistercoffeemisterbianco.it\/#organization","name":"Mister Coffee","url":"https:\/\/www.mistercoffeemisterbianco.it\/","logo":{"@type":"ImageObject","inLanguage":"en-US","@id":"https:\/\/www.mistercoffeemisterbianco.it\/#\/schema\/logo\/image\/","url":"https:\/\/www.mistercoffeemisterbianco.it\/wp-content\/uploads\/2025\/06\/logo-nuovo.png","contentUrl":"https:\/\/www.mistercoffeemisterbianco.it\/wp-content\/uploads\/2025\/06\/logo-nuovo.png","width":281,"height":80,"caption":"Mister Coffee"},"image":{"@id":"https:\/\/www.mistercoffeemisterbianco.it\/#\/schema\/logo\/image\/"}}]}},"_links":{"self":[{"href":"https:\/\/www.mistercoffeemisterbianco.it\/en\/wp-json\/wp\/v2\/product\/3868","targetHints":{"allow":["GET"]}}],"collection":[{"href":"https:\/\/www.mistercoffeemisterbianco.it\/en\/wp-json\/wp\/v2\/product"}],"about":[{"href":"https:\/\/www.mistercoffeemisterbianco.it\/en\/wp-json\/wp\/v2\/types\/product"}],"wp:featuredmedia":[{"embeddable":true,"href":"https:\/\/www.mistercoffeemisterbianco.it\/en\/wp-json\/wp\/v2\/media\/3869"}],"wp:attachment":[{"href":"https:\/\/www.mistercoffeemisterbianco.it\/en\/wp-json\/wp\/v2\/media?parent=3868"}],"wp:term":[{"taxonomy":"product_brand","embeddable":true,"href":"https:\/\/www.mistercoffeemisterbianco.it\/en\/wp-json\/wp\/v2\/product_brand?post=3868"},{"taxonomy":"product_cat","embeddable":true,"href":"https:\/\/www.mistercoffeemisterbianco.it\/en\/wp-json\/wp\/v2\/product_cat?post=3868"},{"taxonomy":"product_tag","embeddable":true,"href":"https:\/\/www.mistercoffeemisterbianco.it\/en\/wp-json\/wp\/v2\/product_tag?post=3868"}],"curies":[{"name":"wp","href":"https:\/\/api.w.org\/{rel}","templated":true}]}}