{"id":4563,"date":"2025-08-27T19:18:05","date_gmt":"2025-08-27T17:18:05","guid":{"rendered":"https:\/\/www.mistercoffeemisterbianco.it\/?post_type=product&#038;p=4563"},"modified":"2025-08-27T19:19:51","modified_gmt":"2025-08-27T17:19:51","slug":"tornatore-pietrarizzo-etna-rosso-doc-2021","status":"publish","type":"product","link":"https:\/\/www.mistercoffeemisterbianco.it\/en\/product\/tornatore-pietrarizzo-etna-rosso-doc-2021\/","title":{"rendered":"Tornatore Pietrarizzo Etna Rosso DOC 2021"},"content":{"rendered":"<p>Rosso rubino scarico. Fine delicato ed incredibilmente equilibrato al naso. Sono evidenti sentori di piccoli frutti rossi, fiori, perfettamente integrati ad un mineralit\u00e0 ed evoluzione degne di un grande vino. In bocca \u00e8 di grande struttura ma di una sorprendente bevibilit\u00e0 ed eleganza<\/p>","protected":false},"excerpt":{"rendered":"<p>Rosso rubino scarico. Fine delicato ed incredibilmente equilibrato al naso. Sono evidenti sentori di piccoli frutti rossi, fiori, perfettamente integrati ad un mineralit\u00e0 ed evoluzione degne di un grande vino. In bocca \u00e8 di grande struttura ma di una sorprendente bevibilit\u00e0 ed eleganza<\/p>","protected":false},"featured_media":4564,"template":"","meta":[],"product_brand":[],"product_cat":[90,89],"product_tag":[125],"class_list":{"0":"post-4563","1":"product","2":"type-product","3":"status-publish","4":"has-post-thumbnail","6":"product_cat-vini-rossi","7":"product_cat-vini-siciliani","8":"product_tag-sicilia","10":"first","11":"instock","12":"taxable","13":"shipping-taxable","14":"purchasable","15":"product-type-simple"},"yoast_head":"<!-- This site is optimized with the Yoast SEO plugin v25.2 - https:\/\/yoast.com\/wordpress\/plugins\/seo\/ -->\n<title>Tornatore Pietrarizzo Etna Rosso DOC 2021 - Mister Coffee<\/title>\n<meta name=\"robots\" content=\"index, follow, max-snippet:-1, max-image-preview:large, max-video-preview:-1\" \/>\n<link rel=\"canonical\" href=\"https:\/\/www.mistercoffeemisterbianco.it\/en\/product\/tornatore-pietrarizzo-etna-rosso-doc-2021\/\" \/>\n<meta property=\"og:locale\" content=\"en_US\" \/>\n<meta property=\"og:type\" content=\"article\" \/>\n<meta property=\"og:title\" content=\"Tornatore Pietrarizzo Etna Rosso DOC 2021 - Mister Coffee\" \/>\n<meta property=\"og:description\" content=\"Rosso rubino scarico. Fine delicato ed incredibilmente equilibrato al naso. Sono evidenti sentori di piccoli frutti rossi, fiori, perfettamente integrati ad un mineralit\u00e0 ed evoluzione degne di un grande vino. In bocca \u00e8 di grande struttura ma di una sorprendente bevibilit\u00e0 ed eleganza\" \/>\n<meta property=\"og:url\" content=\"https:\/\/www.mistercoffeemisterbianco.it\/en\/product\/tornatore-pietrarizzo-etna-rosso-doc-2021\/\" \/>\n<meta property=\"og:site_name\" content=\"Mister Coffee\" \/>\n<meta property=\"article:modified_time\" content=\"2025-08-27T17:19:51+00:00\" \/>\n<meta property=\"og:image\" content=\"https:\/\/www.mistercoffeemisterbianco.it\/wp-content\/uploads\/2025\/08\/pietrarizzor.png\" \/>\n\t<meta property=\"og:image:width\" content=\"375\" \/>\n\t<meta property=\"og:image:height\" content=\"666\" \/>\n\t<meta property=\"og:image:type\" content=\"image\/png\" \/>\n<meta name=\"twitter:card\" content=\"summary_large_image\" \/>\n<meta name=\"twitter:label1\" content=\"Est. reading time\" \/>\n\t<meta name=\"twitter:data1\" content=\"1 minute\" \/>\n<script type=\"application\/ld+json\" class=\"yoast-schema-graph\">{\"@context\":\"https:\/\/schema.org\",\"@graph\":[{\"@type\":\"WebPage\",\"@id\":\"https:\/\/www.mistercoffeemisterbianco.it\/prodotto\/tornatore-pietrarizzo-etna-rosso-doc-2021\/\",\"url\":\"https:\/\/www.mistercoffeemisterbianco.it\/prodotto\/tornatore-pietrarizzo-etna-rosso-doc-2021\/\",\"name\":\"Tornatore Pietrarizzo Etna Rosso DOC 2021 - Mister Coffee\",\"isPartOf\":{\"@id\":\"https:\/\/www.mistercoffeemisterbianco.it\/#website\"},\"primaryImageOfPage\":{\"@id\":\"https:\/\/www.mistercoffeemisterbianco.it\/prodotto\/tornatore-pietrarizzo-etna-rosso-doc-2021\/#primaryimage\"},\"image\":{\"@id\":\"https:\/\/www.mistercoffeemisterbianco.it\/prodotto\/tornatore-pietrarizzo-etna-rosso-doc-2021\/#primaryimage\"},\"thumbnailUrl\":\"https:\/\/www.mistercoffeemisterbianco.it\/wp-content\/uploads\/2025\/08\/pietrarizzor.png\",\"datePublished\":\"2025-08-27T17:18:05+00:00\",\"dateModified\":\"2025-08-27T17:19:51+00:00\",\"breadcrumb\":{\"@id\":\"https:\/\/www.mistercoffeemisterbianco.it\/prodotto\/tornatore-pietrarizzo-etna-rosso-doc-2021\/#breadcrumb\"},\"inLanguage\":\"en-US\",\"potentialAction\":[{\"@type\":\"ReadAction\",\"target\":[\"https:\/\/www.mistercoffeemisterbianco.it\/prodotto\/tornatore-pietrarizzo-etna-rosso-doc-2021\/\"]}]},{\"@type\":\"ImageObject\",\"inLanguage\":\"en-US\",\"@id\":\"https:\/\/www.mistercoffeemisterbianco.it\/prodotto\/tornatore-pietrarizzo-etna-rosso-doc-2021\/#primaryimage\",\"url\":\"https:\/\/www.mistercoffeemisterbianco.it\/wp-content\/uploads\/2025\/08\/pietrarizzor.png\",\"contentUrl\":\"https:\/\/www.mistercoffeemisterbianco.it\/wp-content\/uploads\/2025\/08\/pietrarizzor.png\",\"width\":375,\"height\":666},{\"@type\":\"BreadcrumbList\",\"@id\":\"https:\/\/www.mistercoffeemisterbianco.it\/prodotto\/tornatore-pietrarizzo-etna-rosso-doc-2021\/#breadcrumb\",\"itemListElement\":[{\"@type\":\"ListItem\",\"position\":1,\"name\":\"Home\",\"item\":\"https:\/\/www.mistercoffeemisterbianco.it\/\"},{\"@type\":\"ListItem\",\"position\":2,\"name\":\"Prodotti\",\"item\":\"https:\/\/www.mistercoffeemisterbianco.it\/shop\/\"},{\"@type\":\"ListItem\",\"position\":3,\"name\":\"Tornatore Pietrarizzo Etna Rosso DOC 2021\"}]},{\"@type\":\"WebSite\",\"@id\":\"https:\/\/www.mistercoffeemisterbianco.it\/#website\",\"url\":\"https:\/\/www.mistercoffeemisterbianco.it\/\",\"name\":\"Mister Coffee\",\"description\":\"\",\"publisher\":{\"@id\":\"https:\/\/www.mistercoffeemisterbianco.it\/#organization\"},\"potentialAction\":[{\"@type\":\"SearchAction\",\"target\":{\"@type\":\"EntryPoint\",\"urlTemplate\":\"https:\/\/www.mistercoffeemisterbianco.it\/?s={search_term_string}\"},\"query-input\":{\"@type\":\"PropertyValueSpecification\",\"valueRequired\":true,\"valueName\":\"search_term_string\"}}],\"inLanguage\":\"en-US\"},{\"@type\":\"Organization\",\"@id\":\"https:\/\/www.mistercoffeemisterbianco.it\/#organization\",\"name\":\"Mister Coffee\",\"url\":\"https:\/\/www.mistercoffeemisterbianco.it\/\",\"logo\":{\"@type\":\"ImageObject\",\"inLanguage\":\"en-US\",\"@id\":\"https:\/\/www.mistercoffeemisterbianco.it\/#\/schema\/logo\/image\/\",\"url\":\"https:\/\/www.mistercoffeemisterbianco.it\/wp-content\/uploads\/2025\/06\/logo-nuovo.png\",\"contentUrl\":\"https:\/\/www.mistercoffeemisterbianco.it\/wp-content\/uploads\/2025\/06\/logo-nuovo.png\",\"width\":281,\"height\":80,\"caption\":\"Mister Coffee\"},\"image\":{\"@id\":\"https:\/\/www.mistercoffeemisterbianco.it\/#\/schema\/logo\/image\/\"}}]}<\/script>\n<!-- \/ Yoast SEO plugin. -->","yoast_head_json":{"title":"Tornatore Pietrarizzo Etna Rosso DOC 2021 - Mister Coffee","robots":{"index":"index","follow":"follow","max-snippet":"max-snippet:-1","max-image-preview":"max-image-preview:large","max-video-preview":"max-video-preview:-1"},"canonical":"https:\/\/www.mistercoffeemisterbianco.it\/en\/product\/tornatore-pietrarizzo-etna-rosso-doc-2021\/","og_locale":"en_US","og_type":"article","og_title":"Tornatore Pietrarizzo Etna Rosso DOC 2021 - Mister Coffee","og_description":"Rosso rubino scarico. Fine delicato ed incredibilmente equilibrato al naso. Sono evidenti sentori di piccoli frutti rossi, fiori, perfettamente integrati ad un mineralit\u00e0 ed evoluzione degne di un grande vino. In bocca \u00e8 di grande struttura ma di una sorprendente bevibilit\u00e0 ed eleganza","og_url":"https:\/\/www.mistercoffeemisterbianco.it\/en\/product\/tornatore-pietrarizzo-etna-rosso-doc-2021\/","og_site_name":"Mister Coffee","article_modified_time":"2025-08-27T17:19:51+00:00","og_image":[{"width":375,"height":666,"url":"https:\/\/www.mistercoffeemisterbianco.it\/wp-content\/uploads\/2025\/08\/pietrarizzor.png","type":"image\/png"}],"twitter_card":"summary_large_image","twitter_misc":{"Est. reading time":"1 minute"},"schema":{"@context":"https:\/\/schema.org","@graph":[{"@type":"WebPage","@id":"https:\/\/www.mistercoffeemisterbianco.it\/prodotto\/tornatore-pietrarizzo-etna-rosso-doc-2021\/","url":"https:\/\/www.mistercoffeemisterbianco.it\/prodotto\/tornatore-pietrarizzo-etna-rosso-doc-2021\/","name":"Tornatore Pietrarizzo Etna Rosso DOC 2021 - Mister Coffee","isPartOf":{"@id":"https:\/\/www.mistercoffeemisterbianco.it\/#website"},"primaryImageOfPage":{"@id":"https:\/\/www.mistercoffeemisterbianco.it\/prodotto\/tornatore-pietrarizzo-etna-rosso-doc-2021\/#primaryimage"},"image":{"@id":"https:\/\/www.mistercoffeemisterbianco.it\/prodotto\/tornatore-pietrarizzo-etna-rosso-doc-2021\/#primaryimage"},"thumbnailUrl":"https:\/\/www.mistercoffeemisterbianco.it\/wp-content\/uploads\/2025\/08\/pietrarizzor.png","datePublished":"2025-08-27T17:18:05+00:00","dateModified":"2025-08-27T17:19:51+00:00","breadcrumb":{"@id":"https:\/\/www.mistercoffeemisterbianco.it\/prodotto\/tornatore-pietrarizzo-etna-rosso-doc-2021\/#breadcrumb"},"inLanguage":"en-US","potentialAction":[{"@type":"ReadAction","target":["https:\/\/www.mistercoffeemisterbianco.it\/prodotto\/tornatore-pietrarizzo-etna-rosso-doc-2021\/"]}]},{"@type":"ImageObject","inLanguage":"en-US","@id":"https:\/\/www.mistercoffeemisterbianco.it\/prodotto\/tornatore-pietrarizzo-etna-rosso-doc-2021\/#primaryimage","url":"https:\/\/www.mistercoffeemisterbianco.it\/wp-content\/uploads\/2025\/08\/pietrarizzor.png","contentUrl":"https:\/\/www.mistercoffeemisterbianco.it\/wp-content\/uploads\/2025\/08\/pietrarizzor.png","width":375,"height":666},{"@type":"BreadcrumbList","@id":"https:\/\/www.mistercoffeemisterbianco.it\/prodotto\/tornatore-pietrarizzo-etna-rosso-doc-2021\/#breadcrumb","itemListElement":[{"@type":"ListItem","position":1,"name":"Home","item":"https:\/\/www.mistercoffeemisterbianco.it\/"},{"@type":"ListItem","position":2,"name":"Prodotti","item":"https:\/\/www.mistercoffeemisterbianco.it\/shop\/"},{"@type":"ListItem","position":3,"name":"Tornatore Pietrarizzo Etna Rosso DOC 2021"}]},{"@type":"WebSite","@id":"https:\/\/www.mistercoffeemisterbianco.it\/#website","url":"https:\/\/www.mistercoffeemisterbianco.it\/","name":"Mister Coffee","description":"","publisher":{"@id":"https:\/\/www.mistercoffeemisterbianco.it\/#organization"},"potentialAction":[{"@type":"SearchAction","target":{"@type":"EntryPoint","urlTemplate":"https:\/\/www.mistercoffeemisterbianco.it\/?s={search_term_string}"},"query-input":{"@type":"PropertyValueSpecification","valueRequired":true,"valueName":"search_term_string"}}],"inLanguage":"en-US"},{"@type":"Organization","@id":"https:\/\/www.mistercoffeemisterbianco.it\/#organization","name":"Mister Coffee","url":"https:\/\/www.mistercoffeemisterbianco.it\/","logo":{"@type":"ImageObject","inLanguage":"en-US","@id":"https:\/\/www.mistercoffeemisterbianco.it\/#\/schema\/logo\/image\/","url":"https:\/\/www.mistercoffeemisterbianco.it\/wp-content\/uploads\/2025\/06\/logo-nuovo.png","contentUrl":"https:\/\/www.mistercoffeemisterbianco.it\/wp-content\/uploads\/2025\/06\/logo-nuovo.png","width":281,"height":80,"caption":"Mister Coffee"},"image":{"@id":"https:\/\/www.mistercoffeemisterbianco.it\/#\/schema\/logo\/image\/"}}]}},"_links":{"self":[{"href":"https:\/\/www.mistercoffeemisterbianco.it\/en\/wp-json\/wp\/v2\/product\/4563","targetHints":{"allow":["GET"]}}],"collection":[{"href":"https:\/\/www.mistercoffeemisterbianco.it\/en\/wp-json\/wp\/v2\/product"}],"about":[{"href":"https:\/\/www.mistercoffeemisterbianco.it\/en\/wp-json\/wp\/v2\/types\/product"}],"wp:featuredmedia":[{"embeddable":true,"href":"https:\/\/www.mistercoffeemisterbianco.it\/en\/wp-json\/wp\/v2\/media\/4564"}],"wp:attachment":[{"href":"https:\/\/www.mistercoffeemisterbianco.it\/en\/wp-json\/wp\/v2\/media?parent=4563"}],"wp:term":[{"taxonomy":"product_brand","embeddable":true,"href":"https:\/\/www.mistercoffeemisterbianco.it\/en\/wp-json\/wp\/v2\/product_brand?post=4563"},{"taxonomy":"product_cat","embeddable":true,"href":"https:\/\/www.mistercoffeemisterbianco.it\/en\/wp-json\/wp\/v2\/product_cat?post=4563"},{"taxonomy":"product_tag","embeddable":true,"href":"https:\/\/www.mistercoffeemisterbianco.it\/en\/wp-json\/wp\/v2\/product_tag?post=4563"}],"curies":[{"name":"wp","href":"https:\/\/api.w.org\/{rel}","templated":true}]}}